{"id":303,"date":"2025-02-27T13:50:47","date_gmt":"2025-02-27T16:50:47","guid":{"rendered":"https:\/\/projetos.uel.br\/praxis\/?page_id=303"},"modified":"2025-04-25T17:00:14","modified_gmt":"2025-04-25T20:00:14","slug":"i-simposio-de-cannabis-e-o-iii-forum-paranaense-de-cannabis","status":"publish","type":"page","link":"https:\/\/projetos.uel.br\/praxis\/i-simposio-de-cannabis-e-o-iii-forum-paranaense-de-cannabis\/","title":{"rendered":"I Simp\u00f3sio de Cannabis e o III F\u00f3rum Paranaense de Cannabis"},"content":{"rendered":"\n<div class=\"wp-block-group is-nowrap is-layout-flex wp-container-core-group-is-layout-ad2f72ca wp-block-group-is-layout-flex\">\n<p>O <strong>Simp\u00f3sio de Cannabis e o III F\u00f3rum Paranaense de Cannabis <\/strong>aconteceram no Anfiteatro do CESA, nos dias 5 e 6 de dezembro de 2024. Foram reunidos diversos estudiosos da cannabis com o objetivo de discutir, atualizar e ampliar o conhecimento sobre os marcos regulat\u00f3rios, produ\u00e7\u00e3o, uso medicinal e industrial, e potencialidades da Cannabis. Os eventos foram organizados pelo Pr\u00e1xis Itinerante, a Associa\u00e7\u00e3o Cura em Flor, Pr\u00f3-Reitoria de Pesquisa e P\u00f3s-Gradua\u00e7\u00e3o (ProPPG), Associa\u00e7\u00e3o Brasileira das Ind\u00fastrias de Cannabis (Abicann), Semear \u2013 Associa\u00e7\u00e3o de Terapia e Harmonia Can\u00e1bica e o Mandato Goura (PDT).<\/p>\n<\/div>\n\n\n<div class=\"wp-block-image\">\n<figure class=\"aligncenter size-large is-resized\"><img loading=\"lazy\" decoding=\"async\" width=\"723\" height=\"1024\" src=\"https:\/\/projetos.uel.br\/praxis\/wp-content\/uploads\/2025\/04\/Banner-Simposio-de-Cannabis-A1-723x1024.png\" alt=\"\" class=\"wp-image-610\" style=\"width:240px;height:auto\" srcset=\"https:\/\/projetos.uel.br\/praxis\/wp-content\/uploads\/2025\/04\/Banner-Simposio-de-Cannabis-A1-723x1024.png 723w, https:\/\/projetos.uel.br\/praxis\/wp-content\/uploads\/2025\/04\/Banner-Simposio-de-Cannabis-A1-212x300.png 212w, https:\/\/projetos.uel.br\/praxis\/wp-content\/uploads\/2025\/04\/Banner-Simposio-de-Cannabis-A1-768x1087.png 768w, https:\/\/projetos.uel.br\/praxis\/wp-content\/uploads\/2025\/04\/Banner-Simposio-de-Cannabis-A1-1085x1536.png 1085w\" sizes=\"auto, (max-width: 723px) 100vw, 723px\" \/><\/figure>\n<\/div>\n\n\n<p>Os debates foram feitos atrav\u00e9s de mesas redondas e palestras sobre diversos assuntos acerca dos estigmas ao redor da planta. A entrada foi totalmente gratuita.<\/p>\n\n\n\n<p>Posteriormente, no Instagram do Pr\u00e1xis foi desenvolvida uma s\u00e9rie de v\u00eddeos que aborda temas discutidos no evento com estudiosos da cannabis. Voc\u00ea pode conferir <a href=\"https:\/\/www.instagram.com\/reel\/DGEptnruMKu\/\" data-type=\"link\" data-id=\"https:\/\/www.instagram.com\/reel\/DGEptnruMKu\/\">aqui! <\/a><\/p>\n\n\n\n<h2 class=\"wp-block-heading\">Galeria de Fotos <\/h2>\n\n\n\n<p><\/p>\n\n\n<div class=\"n2-section-smartslider fitvidsignore  n2_clear\" data-ssid=\"17\" tabindex=\"0\" role=\"region\" aria-label=\"Slider\"><div id=\"n2-ss-17-align\" class=\"n2-ss-align\"><div class=\"n2-padding\"><div id=\"n2-ss-17\" data-creator=\"Smart Slider 3\" data-responsive=\"auto\" class=\"n2-ss-slider n2-ow n2-has-hover n2notransition  \"><div class=\"n2-ss-slider-wrapper-inside\">\n        <div class=\"n2-ss-slider-1 n2_ss__touch_element n2-ow\">\n            <div class=\"n2-ss-slider-2 n2-ow\">\n                                                <div class=\"n2-ss-slider-3 n2-ow\">\n\n                    <div class=\"n2-ss-slide-backgrounds n2-ow-all\"><div class=\"n2-ss-slide-background\" data-public-id=\"1\" data-mode=\"fill\"><div class=\"n2-ss-slide-background-image\" data-blur=\"0\" data-opacity=\"100\" data-x=\"50\" data-y=\"50\" data-alt=\"\" data-title=\"\"><picture class=\"skip-lazy\" data-skip-lazy=\"1\"><img decoding=\"async\" src=\"\/\/projetos.uel.br\/praxis\/wp-content\/uploads\/2025\/04\/IMG_3198-scaled.jpg\" alt=\"\" title=\"\" loading=\"lazy\" class=\"skip-lazy\" data-skip-lazy=\"1\"><\/picture><\/div><div data-color=\"RGBA(255,255,255,0)\" style=\"background-color: RGBA(255,255,255,0);\" class=\"n2-ss-slide-background-color\"><\/div><\/div><div class=\"n2-ss-slide-background\" data-public-id=\"2\" data-mode=\"fill\"><div class=\"n2-ss-slide-background-image\" data-blur=\"0\" data-opacity=\"100\" data-x=\"50\" data-y=\"50\" data-alt=\"\" data-title=\"\"><picture class=\"skip-lazy\" data-skip-lazy=\"1\"><img decoding=\"async\" src=\"\/\/projetos.uel.br\/praxis\/wp-content\/uploads\/2025\/04\/IMG_3205-scaled.jpg\" alt=\"\" title=\"\" loading=\"lazy\" class=\"skip-lazy\" data-skip-lazy=\"1\"><\/picture><\/div><div data-color=\"RGBA(255,255,255,0)\" style=\"background-color: RGBA(255,255,255,0);\" class=\"n2-ss-slide-background-color\"><\/div><\/div><div class=\"n2-ss-slide-background\" data-public-id=\"3\" data-mode=\"fill\"><div class=\"n2-ss-slide-background-image\" data-blur=\"0\" data-opacity=\"100\" data-x=\"50\" data-y=\"50\" data-alt=\"\" data-title=\"\"><picture class=\"skip-lazy\" data-skip-lazy=\"1\"><img decoding=\"async\" src=\"\/\/projetos.uel.br\/praxis\/wp-content\/uploads\/2025\/04\/IMG_3231-scaled.jpg\" alt=\"\" title=\"\" loading=\"lazy\" class=\"skip-lazy\" data-skip-lazy=\"1\"><\/picture><\/div><div data-color=\"RGBA(255,255,255,0)\" style=\"background-color: RGBA(255,255,255,0);\" class=\"n2-ss-slide-background-color\"><\/div><\/div><div class=\"n2-ss-slide-background\" data-public-id=\"4\" data-mode=\"fill\"><div class=\"n2-ss-slide-background-image\" data-blur=\"0\" data-opacity=\"100\" data-x=\"50\" data-y=\"50\" data-alt=\"\" data-title=\"\"><picture class=\"skip-lazy\" data-skip-lazy=\"1\"><img decoding=\"async\" src=\"\/\/projetos.uel.br\/praxis\/wp-content\/uploads\/2025\/04\/IMG_3263-scaled.jpg\" alt=\"\" title=\"\" loading=\"lazy\" class=\"skip-lazy\" data-skip-lazy=\"1\"><\/picture><\/div><div data-color=\"RGBA(255,255,255,0)\" style=\"background-color: RGBA(255,255,255,0);\" class=\"n2-ss-slide-background-color\"><\/div><\/div><div class=\"n2-ss-slide-background\" data-public-id=\"5\" data-mode=\"fill\"><div class=\"n2-ss-slide-background-image\" data-blur=\"0\" data-opacity=\"100\" data-x=\"50\" data-y=\"50\" data-alt=\"\" data-title=\"\"><picture class=\"skip-lazy\" data-skip-lazy=\"1\"><img decoding=\"async\" src=\"\/\/projetos.uel.br\/praxis\/wp-content\/uploads\/2025\/04\/IMG_3284-scaled.jpg\" alt=\"\" title=\"\" loading=\"lazy\" class=\"skip-lazy\" data-skip-lazy=\"1\"><\/picture><\/div><div data-color=\"RGBA(255,255,255,0)\" style=\"background-color: RGBA(255,255,255,0);\" class=\"n2-ss-slide-background-color\"><\/div><\/div><div class=\"n2-ss-slide-background\" data-public-id=\"6\" data-mode=\"fill\"><div class=\"n2-ss-slide-background-image\" data-blur=\"0\" data-opacity=\"100\" data-x=\"50\" data-y=\"50\" data-alt=\"\" data-title=\"\"><picture class=\"skip-lazy\" data-skip-lazy=\"1\"><img decoding=\"async\" src=\"\/\/projetos.uel.br\/praxis\/wp-content\/uploads\/2025\/04\/IMG_3277-scaled.jpg\" alt=\"\" title=\"\" loading=\"lazy\" class=\"skip-lazy\" data-skip-lazy=\"1\"><\/picture><\/div><div data-color=\"RGBA(255,255,255,0)\" style=\"background-color: RGBA(255,255,255,0);\" class=\"n2-ss-slide-background-color\"><\/div><\/div><div class=\"n2-ss-slide-background\" data-public-id=\"7\" data-mode=\"fill\"><div class=\"n2-ss-slide-background-image\" data-blur=\"0\" data-opacity=\"100\" data-x=\"50\" data-y=\"50\" data-alt=\"\" data-title=\"\"><picture class=\"skip-lazy\" data-skip-lazy=\"1\"><img decoding=\"async\" src=\"\/\/projetos.uel.br\/praxis\/wp-content\/uploads\/2025\/04\/IMG_3291-scaled.jpeg\" alt=\"\" title=\"\" loading=\"lazy\" class=\"skip-lazy\" data-skip-lazy=\"1\"><\/picture><\/div><div data-color=\"RGBA(255,255,255,0)\" style=\"background-color: RGBA(255,255,255,0);\" class=\"n2-ss-slide-background-color\"><\/div><\/div><div class=\"n2-ss-slide-background\" data-public-id=\"8\" data-mode=\"fill\"><div class=\"n2-ss-slide-background-image\" data-blur=\"0\" data-opacity=\"100\" data-x=\"50\" data-y=\"50\" data-alt=\"\" data-title=\"\"><picture class=\"skip-lazy\" data-skip-lazy=\"1\"><img decoding=\"async\" src=\"\/\/projetos.uel.br\/praxis\/wp-content\/uploads\/2025\/04\/IMG_3298-scaled.jpeg\" alt=\"\" title=\"\" loading=\"lazy\" class=\"skip-lazy\" data-skip-lazy=\"1\"><\/picture><\/div><div data-color=\"RGBA(255,255,255,0)\" style=\"background-color: RGBA(255,255,255,0);\" class=\"n2-ss-slide-background-color\"><\/div><\/div><div class=\"n2-ss-slide-background\" data-public-id=\"9\" data-mode=\"fill\"><div class=\"n2-ss-slide-background-image\" data-blur=\"0\" data-opacity=\"100\" data-x=\"50\" data-y=\"50\" data-alt=\"\" data-title=\"\"><picture class=\"skip-lazy\" data-skip-lazy=\"1\"><img decoding=\"async\" src=\"\/\/projetos.uel.br\/praxis\/wp-content\/uploads\/2025\/04\/IMG_3318-scaled.jpeg\" alt=\"\" title=\"\" loading=\"lazy\" class=\"skip-lazy\" data-skip-lazy=\"1\"><\/picture><\/div><div data-color=\"RGBA(255,255,255,0)\" style=\"background-color: RGBA(255,255,255,0);\" class=\"n2-ss-slide-background-color\"><\/div><\/div><div class=\"n2-ss-slide-background\" data-public-id=\"10\" data-mode=\"fill\"><div class=\"n2-ss-slide-background-image\" data-blur=\"0\" data-opacity=\"100\" data-x=\"50\" data-y=\"50\" data-alt=\"\" data-title=\"\"><picture class=\"skip-lazy\" data-skip-lazy=\"1\"><img decoding=\"async\" src=\"\/\/projetos.uel.br\/praxis\/wp-content\/uploads\/2025\/04\/IMG_3336-scaled.jpeg\" alt=\"\" title=\"\" loading=\"lazy\" class=\"skip-lazy\" data-skip-lazy=\"1\"><\/picture><\/div><div data-color=\"RGBA(255,255,255,0)\" style=\"background-color: RGBA(255,255,255,0);\" class=\"n2-ss-slide-background-color\"><\/div><\/div><\/div>                    <div class=\"n2-ss-slider-4 n2-ow\">\n                        <svg xmlns=\"http:\/\/www.w3.org\/2000\/svg\" viewBox=\"0 0 600 600\" data-related-device=\"desktopPortrait\" class=\"n2-ow n2-ss-preserve-size n2-ss-preserve-size--slider n2-ss-slide-limiter\"><\/svg><div data-first=\"1\" data-slide-duration=\"0\" data-id=\"519\" data-slide-public-id=\"1\" data-title=\"IMG_3198\" class=\"n2-ss-slide n2-ow  n2-ss-slide-519\"><div role=\"note\" class=\"n2-ss-slide--focus\" tabindex=\"-1\">IMG_3198<\/div><div class=\"n2-ss-layers-container n2-ss-slide-limiter n2-ow\"><div class=\"n2-ss-layer n2-ow n-uc-cAlQMmfKNWhU\" data-sstype=\"slide\" data-pm=\"default\"><\/div><\/div><\/div><div data-slide-duration=\"0\" data-id=\"520\" data-slide-public-id=\"2\" data-title=\"IMG_3205\" class=\"n2-ss-slide n2-ow  n2-ss-slide-520\"><div role=\"note\" class=\"n2-ss-slide--focus\" tabindex=\"-1\">IMG_3205<\/div><div class=\"n2-ss-layers-container n2-ss-slide-limiter n2-ow\"><div class=\"n2-ss-layer n2-ow n-uc-j7mRniS9DX7G\" data-sstype=\"slide\" data-pm=\"default\"><\/div><\/div><\/div><div data-slide-duration=\"0\" data-id=\"521\" data-slide-public-id=\"3\" data-title=\"IMG_3231\" class=\"n2-ss-slide n2-ow  n2-ss-slide-521\"><div role=\"note\" class=\"n2-ss-slide--focus\" tabindex=\"-1\">IMG_3231<\/div><div class=\"n2-ss-layers-container n2-ss-slide-limiter n2-ow\"><div class=\"n2-ss-layer n2-ow n-uc-wl31mRkwVKUq\" data-sstype=\"slide\" data-pm=\"default\"><\/div><\/div><\/div><div data-slide-duration=\"0\" data-id=\"522\" data-slide-public-id=\"4\" data-title=\"IMG_3263\" class=\"n2-ss-slide n2-ow  n2-ss-slide-522\"><div role=\"note\" class=\"n2-ss-slide--focus\" tabindex=\"-1\">IMG_3263<\/div><div class=\"n2-ss-layers-container n2-ss-slide-limiter n2-ow\"><div class=\"n2-ss-layer n2-ow n-uc-iEWsrg4rkEir\" data-sstype=\"slide\" data-pm=\"default\"><\/div><\/div><\/div><div data-slide-duration=\"0\" data-id=\"523\" data-slide-public-id=\"5\" data-title=\"IMG_3284\" class=\"n2-ss-slide n2-ow  n2-ss-slide-523\"><div role=\"note\" class=\"n2-ss-slide--focus\" tabindex=\"-1\">IMG_3284<\/div><div class=\"n2-ss-layers-container n2-ss-slide-limiter n2-ow\"><div class=\"n2-ss-layer n2-ow n-uc-vc6bWWEuOOxs\" data-sstype=\"slide\" data-pm=\"default\"><\/div><\/div><\/div><div data-slide-duration=\"0\" data-id=\"524\" data-slide-public-id=\"6\" data-title=\"IMG_3277\" class=\"n2-ss-slide n2-ow  n2-ss-slide-524\"><div role=\"note\" class=\"n2-ss-slide--focus\" tabindex=\"-1\">IMG_3277<\/div><div class=\"n2-ss-layers-container n2-ss-slide-limiter n2-ow\"><div class=\"n2-ss-layer n2-ow n-uc-mkLIjyvQ9NC8\" data-sstype=\"slide\" data-pm=\"default\"><\/div><\/div><\/div><div data-slide-duration=\"0\" data-id=\"525\" data-slide-public-id=\"7\" data-title=\"IMG_3291\" class=\"n2-ss-slide n2-ow  n2-ss-slide-525\"><div role=\"note\" class=\"n2-ss-slide--focus\" tabindex=\"-1\">IMG_3291<\/div><div class=\"n2-ss-layers-container n2-ss-slide-limiter n2-ow\"><div class=\"n2-ss-layer n2-ow n-uc-fh3ygrZWgai3\" data-sstype=\"slide\" data-pm=\"default\"><\/div><\/div><\/div><div data-slide-duration=\"0\" data-id=\"526\" data-slide-public-id=\"8\" data-title=\"IMG_3298\" class=\"n2-ss-slide n2-ow  n2-ss-slide-526\"><div role=\"note\" class=\"n2-ss-slide--focus\" tabindex=\"-1\">IMG_3298<\/div><div class=\"n2-ss-layers-container n2-ss-slide-limiter n2-ow\"><div class=\"n2-ss-layer n2-ow n-uc-jCBctuGMSMbR\" data-sstype=\"slide\" data-pm=\"default\"><\/div><\/div><\/div><div data-slide-duration=\"0\" data-id=\"527\" data-slide-public-id=\"9\" data-title=\"IMG_3318\" class=\"n2-ss-slide n2-ow  n2-ss-slide-527\"><div role=\"note\" class=\"n2-ss-slide--focus\" tabindex=\"-1\">IMG_3318<\/div><div class=\"n2-ss-layers-container n2-ss-slide-limiter n2-ow\"><div class=\"n2-ss-layer n2-ow n-uc-g0sz8o7fJHED\" data-sstype=\"slide\" data-pm=\"default\"><\/div><\/div><\/div><div data-slide-duration=\"0\" data-id=\"528\" data-slide-public-id=\"10\" data-title=\"IMG_3336\" class=\"n2-ss-slide n2-ow  n2-ss-slide-528\"><div role=\"note\" class=\"n2-ss-slide--focus\" tabindex=\"-1\">IMG_3336<\/div><div class=\"n2-ss-layers-container n2-ss-slide-limiter n2-ow\"><div class=\"n2-ss-layer n2-ow n-uc-kLgLF7QpEWQR\" data-sstype=\"slide\" data-pm=\"default\"><\/div><\/div><\/div>                    <\/div>\n\n                                    <\/div>\n            <\/div>\n        <\/div>\n        <div class=\"n2-ss-slider-controls n2-ss-slider-controls-absolute-left-center\"><div style=\"--widget-offset:15px;\" class=\"n2-ss-widget nextend-arrow n2-ow-all nextend-arrow-previous  nextend-arrow-animated-fade\" data-hide-mobileportrait=\"1\" id=\"n2-ss-17-arrow-previous\" role=\"button\" aria-label=\"previous arrow\" tabindex=\"0\"><img loading=\"lazy\" decoding=\"async\" width=\"32\" height=\"32\" class=\"skip-lazy\" data-skip-lazy=\"1\" src=\"data:image\/svg+xml;base64,PHN2ZyB3aWR0aD0iMzIiIGhlaWdodD0iMzIiIHZpZXdCb3g9IjAgMCAzMiAzMiIgeG1sbnM9Imh0dHA6Ly93d3cudzMub3JnLzIwMDAvc3ZnIj4KICAgIDxwYXRoIGQ9Ik0xMS40MzMgMTUuOTkyTDIyLjY5IDUuNzEyYy4zOTMtLjM5LjM5My0xLjAzIDAtMS40Mi0uMzkzLS4zOS0xLjAzLS4zOS0xLjQyMyAwbC0xMS45OCAxMC45NGMtLjIxLjIxLS4zLjQ5LS4yODUuNzYtLjAxNS4yOC4wNzUuNTYuMjg0Ljc3bDExLjk4IDEwLjk0Yy4zOTMuMzkgMS4wMy4zOSAxLjQyNCAwIC4zOTMtLjQuMzkzLTEuMDMgMC0xLjQybC0xMS4yNTctMTAuMjkiCiAgICAgICAgICBmaWxsPSIjZmZmZmZmIiBvcGFjaXR5PSIwLjgiIGZpbGwtcnVsZT0iZXZlbm9kZCIvPgo8L3N2Zz4=\" alt=\"previous arrow\"><\/div><\/div><div class=\"n2-ss-slider-controls n2-ss-slider-controls-absolute-right-center\"><div style=\"--widget-offset:15px;\" class=\"n2-ss-widget nextend-arrow n2-ow-all nextend-arrow-next  nextend-arrow-animated-fade\" data-hide-mobileportrait=\"1\" id=\"n2-ss-17-arrow-next\" role=\"button\" aria-label=\"next arrow\" tabindex=\"0\"><img loading=\"lazy\" decoding=\"async\" width=\"32\" height=\"32\" class=\"skip-lazy\" data-skip-lazy=\"1\" src=\"data:image\/svg+xml;base64,PHN2ZyB3aWR0aD0iMzIiIGhlaWdodD0iMzIiIHZpZXdCb3g9IjAgMCAzMiAzMiIgeG1sbnM9Imh0dHA6Ly93d3cudzMub3JnLzIwMDAvc3ZnIj4KICAgIDxwYXRoIGQ9Ik0xMC43MjIgNC4yOTNjLS4zOTQtLjM5LTEuMDMyLS4zOS0xLjQyNyAwLS4zOTMuMzktLjM5MyAxLjAzIDAgMS40MmwxMS4yODMgMTAuMjgtMTEuMjgzIDEwLjI5Yy0uMzkzLjM5LS4zOTMgMS4wMiAwIDEuNDIuMzk1LjM5IDEuMDMzLjM5IDEuNDI3IDBsMTIuMDA3LTEwLjk0Yy4yMS0uMjEuMy0uNDkuMjg0LS43Ny4wMTQtLjI3LS4wNzYtLjU1LS4yODYtLjc2TDEwLjcyIDQuMjkzeiIKICAgICAgICAgIGZpbGw9IiNmZmZmZmYiIG9wYWNpdHk9IjAuOCIgZmlsbC1ydWxlPSJldmVub2RkIi8+Cjwvc3ZnPg==\" alt=\"next arrow\"><\/div><\/div><\/div><\/div><ss3-loader><\/ss3-loader><\/div><\/div><div class=\"n2_clear\"><\/div><\/div>","protected":false},"excerpt":{"rendered":"<p>O Simp\u00f3sio de Cannabis e o III F\u00f3rum Paranaense de Cannabis aconteceram no Anfiteatro do CESA, nos dias 5 e 6 de dezembro de 2024. Foram reunidos diversos estudiosos da cannabis com o objetivo de discutir, atualizar e ampliar o conhecimento sobre os marcos regulat\u00f3rios, produ\u00e7\u00e3o, uso medicinal e industrial, e potencialidades da Cannabis. Os [&hellip;]<\/p>\n","protected":false},"author":10,"featured_media":0,"parent":0,"menu_order":0,"comment_status":"closed","ping_status":"closed","template":"","meta":{"_acf_changed":false,"footnotes":""},"class_list":["post-303","page","type-page","status-publish","hentry"],"acf":[],"_links":{"self":[{"href":"https:\/\/projetos.uel.br\/praxis\/wp-json\/wp\/v2\/pages\/303","targetHints":{"allow":["GET"]}}],"collection":[{"href":"https:\/\/projetos.uel.br\/praxis\/wp-json\/wp\/v2\/pages"}],"about":[{"href":"https:\/\/projetos.uel.br\/praxis\/wp-json\/wp\/v2\/types\/page"}],"author":[{"embeddable":true,"href":"https:\/\/projetos.uel.br\/praxis\/wp-json\/wp\/v2\/users\/10"}],"replies":[{"embeddable":true,"href":"https:\/\/projetos.uel.br\/praxis\/wp-json\/wp\/v2\/comments?post=303"}],"version-history":[{"count":10,"href":"https:\/\/projetos.uel.br\/praxis\/wp-json\/wp\/v2\/pages\/303\/revisions"}],"predecessor-version":[{"id":1200,"href":"https:\/\/projetos.uel.br\/praxis\/wp-json\/wp\/v2\/pages\/303\/revisions\/1200"}],"wp:attachment":[{"href":"https:\/\/projetos.uel.br\/praxis\/wp-json\/wp\/v2\/media?parent=303"}],"curies":[{"name":"wp","href":"https:\/\/api.w.org\/{rel}","templated":true}]}}