{"id":1515,"date":"2025-05-27T17:31:32","date_gmt":"2025-05-27T20:31:32","guid":{"rendered":"https:\/\/projetos.uel.br\/praxis\/?page_id=1515"},"modified":"2025-05-27T18:15:01","modified_gmt":"2025-05-27T21:15:01","slug":"blitz-educativa-no-combate-ao-abuso-e-a-exploracao-sexual-de-criancas-e-adolescentes","status":"publish","type":"page","link":"https:\/\/projetos.uel.br\/praxis\/blitz-educativa-no-combate-ao-abuso-e-a-exploracao-sexual-de-criancas-e-adolescentes\/","title":{"rendered":"Blitz Educativa no Combate ao Abuso e \u00e0 Explora\u00e7\u00e3o Sexual de Crian\u00e7as e Adolescentes"},"content":{"rendered":"\n<p>A&nbsp;<strong>Rede Intersetorial da Regi\u00e3o Sul de Londrina<\/strong>&nbsp;realizou, na quarta-feira, 21 de maio de 2025, a&nbsp;<strong>IV Blitz Educativa no Combate ao Abuso e \u00e0 Explora\u00e7\u00e3o Sexual de Crian\u00e7as e Adolescentes<\/strong>. O Pr\u00e1xis Itinerante foi parceiro da a\u00e7\u00e3o que aconteceu no CRAS Sul A.<\/p>\n\n\n<div class=\"wp-block-image\">\n<figure class=\"aligncenter size-large is-resized\"><img loading=\"lazy\" decoding=\"async\" width=\"811\" height=\"1024\" src=\"https:\/\/projetos.uel.br\/praxis\/wp-content\/uploads\/2025\/05\/image-4-811x1024.png\" alt=\"\" class=\"wp-image-1713\" style=\"width:325px;height:auto\" srcset=\"https:\/\/projetos.uel.br\/praxis\/wp-content\/uploads\/2025\/05\/image-4-811x1024.png 811w, https:\/\/projetos.uel.br\/praxis\/wp-content\/uploads\/2025\/05\/image-4-238x300.png 238w, https:\/\/projetos.uel.br\/praxis\/wp-content\/uploads\/2025\/05\/image-4-768x969.png 768w, https:\/\/projetos.uel.br\/praxis\/wp-content\/uploads\/2025\/05\/image-4.png 1045w\" sizes=\"auto, (max-width: 811px) 100vw, 811px\" \/><figcaption class=\"wp-element-caption\">Design de Alexsander Barbosa<\/figcaption><\/figure>\n<\/div>\n\n\n<p>O evento integrou as mobiliza\u00e7\u00f5es do 18 de Maio \u2013 Dia Nacional de Combate ao Abuso e \u00e0 Explora\u00e7\u00e3o Sexual de Crian\u00e7as e Adolescentes, institu\u00eddo pela&nbsp;<strong>Lei Federal 9.970\/00<\/strong>, uma importante conquista da sociedade civil brasileira na luta pela prote\u00e7\u00e3o da inf\u00e2ncia e adolesc\u00eancia. A data relembra a urg\u00eancia de enfrentar essas formas graves de viol\u00eancia e marca o compromisso com os Direitos Humanos de Crian\u00e7as e Adolescentes.<\/p>\n\n\n\n<p>A&nbsp;<strong>Blitz Educativa<\/strong>&nbsp;teve como miss\u00e3o romper o sil\u00eancio, promovendo a informa\u00e7\u00e3o, a conscientiza\u00e7\u00e3o e o est\u00edmulo \u00e0 den\u00fancia. Durante a a\u00e7\u00e3o, equipes da Rede Intersetorial e do Pr\u00e1xis Itinerante estiveram nas ruas para distribuir materiais informativos, orientar a popula\u00e7\u00e3o e dialogar sobre como identificar sinais de abuso, como proceder diante de uma suspeita e quais canais procurar.<\/p>\n\n\n\n<p>A mobiliza\u00e7\u00e3o tamb\u00e9m buscou mostrar que a responsabilidade pela prote\u00e7\u00e3o de crian\u00e7as e adolescentes n\u00e3o \u00e9 apenas do poder p\u00fablico de acordo com&nbsp;<strong>Estatuto da Crian\u00e7a e do Adolescente (ECA)<\/strong>, mas da fam\u00edlia e de toda a sociedade. Professores, vizinhos, familiares, comerciantes, profissionais da sa\u00fade \u2014 todos t\u00eam um papel essencial na preven\u00e7\u00e3o e no enfrentamento dessa viol\u00eancia.<\/p>\n\n\n\n<p>A Blitz integrou a campanha nacional \u201c<strong>Fa\u00e7a Bonito \u2013 Proteja nossas crian\u00e7as e adolescentes<\/strong>\u201d, organizada pelo Comit\u00ea Nacional de Enfrentamento \u00e0 Viol\u00eancia Sexual contra Crian\u00e7as e Adolescentes. O s\u00edmbolo da campanha \u00e9 uma flor amarela, que representa a inf\u00e2ncia e a necessidade de um ambiente saud\u00e1vel e protegido para que ela flores\u00e7a. <\/p>\n\n\n\n<p>Na a\u00e7\u00e3o, a equipe do Pr\u00e1xis desenvolveu algumas entrevistas que voc\u00ea pode conferir no <a href=\"https:\/\/www.instagram.com\/reel\/DJ7hwgsu_r8\/?utm_source=ig_web_copy_link&amp;igsh=MzRlODBiNWFlZA==\" data-type=\"link\" data-id=\"https:\/\/www.instagram.com\/reel\/DJ7hwgsu_r8\/?utm_source=ig_web_copy_link&amp;igsh=MzRlODBiNWFlZA==\">Instagram do Pr\u00e1xis.<\/a><\/p>\n\n\n\n<figure class=\"wp-block-gallery has-nested-images columns-default is-cropped wp-block-gallery-1 is-layout-flex wp-block-gallery-is-layout-flex\">\n<figure class=\"wp-block-image size-large\"><img loading=\"lazy\" decoding=\"async\" width=\"1024\" height=\"805\" data-id=\"1548\" src=\"https:\/\/projetos.uel.br\/praxis\/wp-content\/uploads\/2025\/05\/IMG_5034-1-1024x805.jpg\" alt=\"\" class=\"wp-image-1548\" srcset=\"https:\/\/projetos.uel.br\/praxis\/wp-content\/uploads\/2025\/05\/IMG_5034-1-1024x805.jpg 1024w, https:\/\/projetos.uel.br\/praxis\/wp-content\/uploads\/2025\/05\/IMG_5034-1-300x236.jpg 300w, https:\/\/projetos.uel.br\/praxis\/wp-content\/uploads\/2025\/05\/IMG_5034-1-768x604.jpg 768w, https:\/\/projetos.uel.br\/praxis\/wp-content\/uploads\/2025\/05\/IMG_5034-1-1536x1208.jpg 1536w, https:\/\/projetos.uel.br\/praxis\/wp-content\/uploads\/2025\/05\/IMG_5034-1-2048x1611.jpg 2048w\" sizes=\"auto, (max-width: 1024px) 100vw, 1024px\" \/><\/figure>\n\n\n\n<figure class=\"wp-block-image size-large\"><img loading=\"lazy\" decoding=\"async\" width=\"1024\" height=\"782\" data-id=\"1517\" src=\"https:\/\/projetos.uel.br\/praxis\/wp-content\/uploads\/2025\/05\/2-DSCN4391-1024x782.jpg\" alt=\"\" class=\"wp-image-1517\" srcset=\"https:\/\/projetos.uel.br\/praxis\/wp-content\/uploads\/2025\/05\/2-DSCN4391-1024x782.jpg 1024w, https:\/\/projetos.uel.br\/praxis\/wp-content\/uploads\/2025\/05\/2-DSCN4391-300x229.jpg 300w, https:\/\/projetos.uel.br\/praxis\/wp-content\/uploads\/2025\/05\/2-DSCN4391-768x586.jpg 768w, https:\/\/projetos.uel.br\/praxis\/wp-content\/uploads\/2025\/05\/2-DSCN4391-1536x1173.jpg 1536w, https:\/\/projetos.uel.br\/praxis\/wp-content\/uploads\/2025\/05\/2-DSCN4391-2048x1564.jpg 2048w\" sizes=\"auto, (max-width: 1024px) 100vw, 1024px\" \/><\/figure>\n\n\n\n<figure class=\"wp-block-image size-large\"><img loading=\"lazy\" decoding=\"async\" width=\"1024\" height=\"721\" data-id=\"1518\" src=\"https:\/\/projetos.uel.br\/praxis\/wp-content\/uploads\/2025\/05\/5-DSCN4401-1024x721.jpg\" alt=\"\" class=\"wp-image-1518\" srcset=\"https:\/\/projetos.uel.br\/praxis\/wp-content\/uploads\/2025\/05\/5-DSCN4401-1024x721.jpg 1024w, https:\/\/projetos.uel.br\/praxis\/wp-content\/uploads\/2025\/05\/5-DSCN4401-300x211.jpg 300w, https:\/\/projetos.uel.br\/praxis\/wp-content\/uploads\/2025\/05\/5-DSCN4401-768x541.jpg 768w, https:\/\/projetos.uel.br\/praxis\/wp-content\/uploads\/2025\/05\/5-DSCN4401-1536x1081.jpg 1536w, https:\/\/projetos.uel.br\/praxis\/wp-content\/uploads\/2025\/05\/5-DSCN4401-2048x1442.jpg 2048w\" sizes=\"auto, (max-width: 1024px) 100vw, 1024px\" \/><\/figure>\n\n\n\n<figure class=\"wp-block-image size-large\"><img loading=\"lazy\" decoding=\"async\" width=\"1024\" height=\"749\" data-id=\"1521\" src=\"https:\/\/projetos.uel.br\/praxis\/wp-content\/uploads\/2025\/05\/6-DSCN4407-1024x749.jpg\" alt=\"\" class=\"wp-image-1521\" srcset=\"https:\/\/projetos.uel.br\/praxis\/wp-content\/uploads\/2025\/05\/6-DSCN4407-1024x749.jpg 1024w, https:\/\/projetos.uel.br\/praxis\/wp-content\/uploads\/2025\/05\/6-DSCN4407-300x219.jpg 300w, https:\/\/projetos.uel.br\/praxis\/wp-content\/uploads\/2025\/05\/6-DSCN4407-768x562.jpg 768w, https:\/\/projetos.uel.br\/praxis\/wp-content\/uploads\/2025\/05\/6-DSCN4407-1536x1123.jpg 1536w, https:\/\/projetos.uel.br\/praxis\/wp-content\/uploads\/2025\/05\/6-DSCN4407-2048x1497.jpg 2048w\" sizes=\"auto, (max-width: 1024px) 100vw, 1024px\" \/><\/figure>\n\n\n\n<figure class=\"wp-block-image size-large\"><img loading=\"lazy\" decoding=\"async\" width=\"1024\" height=\"703\" data-id=\"1523\" src=\"https:\/\/projetos.uel.br\/praxis\/wp-content\/uploads\/2025\/05\/7-DSCN4409-1024x703.jpg\" alt=\"\" class=\"wp-image-1523\" srcset=\"https:\/\/projetos.uel.br\/praxis\/wp-content\/uploads\/2025\/05\/7-DSCN4409-1024x703.jpg 1024w, https:\/\/projetos.uel.br\/praxis\/wp-content\/uploads\/2025\/05\/7-DSCN4409-300x206.jpg 300w, https:\/\/projetos.uel.br\/praxis\/wp-content\/uploads\/2025\/05\/7-DSCN4409-768x527.jpg 768w, https:\/\/projetos.uel.br\/praxis\/wp-content\/uploads\/2025\/05\/7-DSCN4409-1536x1054.jpg 1536w, https:\/\/projetos.uel.br\/praxis\/wp-content\/uploads\/2025\/05\/7-DSCN4409-2048x1406.jpg 2048w\" sizes=\"auto, (max-width: 1024px) 100vw, 1024px\" \/><\/figure>\n\n\n\n<figure class=\"wp-block-image size-large\"><img loading=\"lazy\" decoding=\"async\" width=\"1024\" height=\"768\" data-id=\"1519\" src=\"https:\/\/projetos.uel.br\/praxis\/wp-content\/uploads\/2025\/05\/4-DSCN4394-1024x768.jpg\" alt=\"\" class=\"wp-image-1519\" srcset=\"https:\/\/projetos.uel.br\/praxis\/wp-content\/uploads\/2025\/05\/4-DSCN4394-1024x768.jpg 1024w, https:\/\/projetos.uel.br\/praxis\/wp-content\/uploads\/2025\/05\/4-DSCN4394-300x225.jpg 300w, https:\/\/projetos.uel.br\/praxis\/wp-content\/uploads\/2025\/05\/4-DSCN4394-768x576.jpg 768w, https:\/\/projetos.uel.br\/praxis\/wp-content\/uploads\/2025\/05\/4-DSCN4394-1536x1152.jpg 1536w, https:\/\/projetos.uel.br\/praxis\/wp-content\/uploads\/2025\/05\/4-DSCN4394-2048x1536.jpg 2048w\" sizes=\"auto, (max-width: 1024px) 100vw, 1024px\" \/><\/figure>\n\n\n\n<figure class=\"wp-block-image size-large\"><img loading=\"lazy\" decoding=\"async\" width=\"1024\" height=\"852\" data-id=\"1525\" src=\"https:\/\/projetos.uel.br\/praxis\/wp-content\/uploads\/2025\/05\/10-DSCN4425-1024x852.jpg\" alt=\"\" class=\"wp-image-1525\" srcset=\"https:\/\/projetos.uel.br\/praxis\/wp-content\/uploads\/2025\/05\/10-DSCN4425-1024x852.jpg 1024w, https:\/\/projetos.uel.br\/praxis\/wp-content\/uploads\/2025\/05\/10-DSCN4425-300x250.jpg 300w, https:\/\/projetos.uel.br\/praxis\/wp-content\/uploads\/2025\/05\/10-DSCN4425-768x639.jpg 768w, https:\/\/projetos.uel.br\/praxis\/wp-content\/uploads\/2025\/05\/10-DSCN4425-1536x1278.jpg 1536w, https:\/\/projetos.uel.br\/praxis\/wp-content\/uploads\/2025\/05\/10-DSCN4425-2048x1704.jpg 2048w\" sizes=\"auto, (max-width: 1024px) 100vw, 1024px\" \/><\/figure>\n\n\n\n<figure class=\"wp-block-image size-large\"><img loading=\"lazy\" decoding=\"async\" width=\"1024\" height=\"768\" data-id=\"1522\" src=\"https:\/\/projetos.uel.br\/praxis\/wp-content\/uploads\/2025\/05\/1-DSCN4390-1024x768.jpg\" alt=\"\" class=\"wp-image-1522\" srcset=\"https:\/\/projetos.uel.br\/praxis\/wp-content\/uploads\/2025\/05\/1-DSCN4390-1024x768.jpg 1024w, https:\/\/projetos.uel.br\/praxis\/wp-content\/uploads\/2025\/05\/1-DSCN4390-300x225.jpg 300w, https:\/\/projetos.uel.br\/praxis\/wp-content\/uploads\/2025\/05\/1-DSCN4390-768x576.jpg 768w, https:\/\/projetos.uel.br\/praxis\/wp-content\/uploads\/2025\/05\/1-DSCN4390-1536x1152.jpg 1536w, https:\/\/projetos.uel.br\/praxis\/wp-content\/uploads\/2025\/05\/1-DSCN4390-2048x1536.jpg 2048w\" sizes=\"auto, (max-width: 1024px) 100vw, 1024px\" \/><\/figure>\n\n\n\n<figure class=\"wp-block-image size-large\"><img loading=\"lazy\" decoding=\"async\" width=\"1024\" height=\"767\" data-id=\"1527\" src=\"https:\/\/projetos.uel.br\/praxis\/wp-content\/uploads\/2025\/05\/11-DSCN4428-1024x767.jpg\" alt=\"\" class=\"wp-image-1527\" srcset=\"https:\/\/projetos.uel.br\/praxis\/wp-content\/uploads\/2025\/05\/11-DSCN4428-1024x767.jpg 1024w, https:\/\/projetos.uel.br\/praxis\/wp-content\/uploads\/2025\/05\/11-DSCN4428-300x225.jpg 300w, https:\/\/projetos.uel.br\/praxis\/wp-content\/uploads\/2025\/05\/11-DSCN4428-768x575.jpg 768w, https:\/\/projetos.uel.br\/praxis\/wp-content\/uploads\/2025\/05\/11-DSCN4428-1536x1150.jpg 1536w, https:\/\/projetos.uel.br\/praxis\/wp-content\/uploads\/2025\/05\/11-DSCN4428-2048x1534.jpg 2048w\" sizes=\"auto, (max-width: 1024px) 100vw, 1024px\" \/><\/figure>\n\n\n\n<figure class=\"wp-block-image size-large\"><img loading=\"lazy\" decoding=\"async\" width=\"1024\" height=\"768\" data-id=\"1528\" src=\"https:\/\/projetos.uel.br\/praxis\/wp-content\/uploads\/2025\/05\/12-DSCN4431-1024x768.jpg\" alt=\"\" class=\"wp-image-1528\" srcset=\"https:\/\/projetos.uel.br\/praxis\/wp-content\/uploads\/2025\/05\/12-DSCN4431-1024x768.jpg 1024w, https:\/\/projetos.uel.br\/praxis\/wp-content\/uploads\/2025\/05\/12-DSCN4431-300x225.jpg 300w, https:\/\/projetos.uel.br\/praxis\/wp-content\/uploads\/2025\/05\/12-DSCN4431-768x576.jpg 768w, https:\/\/projetos.uel.br\/praxis\/wp-content\/uploads\/2025\/05\/12-DSCN4431-1536x1152.jpg 1536w, https:\/\/projetos.uel.br\/praxis\/wp-content\/uploads\/2025\/05\/12-DSCN4431-2048x1536.jpg 2048w\" sizes=\"auto, (max-width: 1024px) 100vw, 1024px\" \/><\/figure>\n\n\n\n<figure class=\"wp-block-image size-large\"><img loading=\"lazy\" decoding=\"async\" width=\"1024\" height=\"768\" data-id=\"1529\" src=\"https:\/\/projetos.uel.br\/praxis\/wp-content\/uploads\/2025\/05\/13-DSCN4452-1024x768.jpg\" alt=\"\" class=\"wp-image-1529\" srcset=\"https:\/\/projetos.uel.br\/praxis\/wp-content\/uploads\/2025\/05\/13-DSCN4452-1024x768.jpg 1024w, https:\/\/projetos.uel.br\/praxis\/wp-content\/uploads\/2025\/05\/13-DSCN4452-300x225.jpg 300w, https:\/\/projetos.uel.br\/praxis\/wp-content\/uploads\/2025\/05\/13-DSCN4452-768x576.jpg 768w, https:\/\/projetos.uel.br\/praxis\/wp-content\/uploads\/2025\/05\/13-DSCN4452-1536x1152.jpg 1536w, https:\/\/projetos.uel.br\/praxis\/wp-content\/uploads\/2025\/05\/13-DSCN4452-2048x1536.jpg 2048w\" sizes=\"auto, (max-width: 1024px) 100vw, 1024px\" \/><\/figure>\n\n\n\n<figure class=\"wp-block-image size-large\"><img loading=\"lazy\" decoding=\"async\" width=\"1024\" height=\"732\" data-id=\"1531\" src=\"https:\/\/projetos.uel.br\/praxis\/wp-content\/uploads\/2025\/05\/14-DSCN4453-1024x732.jpg\" alt=\"\" class=\"wp-image-1531\" srcset=\"https:\/\/projetos.uel.br\/praxis\/wp-content\/uploads\/2025\/05\/14-DSCN4453-1024x732.jpg 1024w, https:\/\/projetos.uel.br\/praxis\/wp-content\/uploads\/2025\/05\/14-DSCN4453-300x215.jpg 300w, https:\/\/projetos.uel.br\/praxis\/wp-content\/uploads\/2025\/05\/14-DSCN4453-768x549.jpg 768w, https:\/\/projetos.uel.br\/praxis\/wp-content\/uploads\/2025\/05\/14-DSCN4453-1536x1098.jpg 1536w, https:\/\/projetos.uel.br\/praxis\/wp-content\/uploads\/2025\/05\/14-DSCN4453-2048x1464.jpg 2048w\" sizes=\"auto, (max-width: 1024px) 100vw, 1024px\" \/><\/figure>\n\n\n\n<figure class=\"wp-block-image size-large\"><img loading=\"lazy\" decoding=\"async\" width=\"1024\" height=\"828\" data-id=\"1530\" src=\"https:\/\/projetos.uel.br\/praxis\/wp-content\/uploads\/2025\/05\/15-DSCN4455-1024x828.jpg\" alt=\"\" class=\"wp-image-1530\" srcset=\"https:\/\/projetos.uel.br\/praxis\/wp-content\/uploads\/2025\/05\/15-DSCN4455-1024x828.jpg 1024w, https:\/\/projetos.uel.br\/praxis\/wp-content\/uploads\/2025\/05\/15-DSCN4455-300x243.jpg 300w, https:\/\/projetos.uel.br\/praxis\/wp-content\/uploads\/2025\/05\/15-DSCN4455-768x621.jpg 768w, https:\/\/projetos.uel.br\/praxis\/wp-content\/uploads\/2025\/05\/15-DSCN4455-1536x1242.jpg 1536w, https:\/\/projetos.uel.br\/praxis\/wp-content\/uploads\/2025\/05\/15-DSCN4455-2048x1656.jpg 2048w\" sizes=\"auto, (max-width: 1024px) 100vw, 1024px\" \/><\/figure>\n\n\n\n<figure class=\"wp-block-image size-large\"><img loading=\"lazy\" decoding=\"async\" width=\"1024\" height=\"863\" data-id=\"1524\" src=\"https:\/\/projetos.uel.br\/praxis\/wp-content\/uploads\/2025\/05\/8-DSCN4417-1024x863.jpg\" alt=\"\" class=\"wp-image-1524\" srcset=\"https:\/\/projetos.uel.br\/praxis\/wp-content\/uploads\/2025\/05\/8-DSCN4417-1024x863.jpg 1024w, https:\/\/projetos.uel.br\/praxis\/wp-content\/uploads\/2025\/05\/8-DSCN4417-300x253.jpg 300w, https:\/\/projetos.uel.br\/praxis\/wp-content\/uploads\/2025\/05\/8-DSCN4417-768x647.jpg 768w, https:\/\/projetos.uel.br\/praxis\/wp-content\/uploads\/2025\/05\/8-DSCN4417-1536x1294.jpg 1536w, https:\/\/projetos.uel.br\/praxis\/wp-content\/uploads\/2025\/05\/8-DSCN4417-2048x1725.jpg 2048w\" sizes=\"auto, (max-width: 1024px) 100vw, 1024px\" \/><\/figure>\n\n\n\n<figure class=\"wp-block-image size-large\"><img loading=\"lazy\" decoding=\"async\" width=\"1024\" height=\"768\" data-id=\"1520\" src=\"https:\/\/projetos.uel.br\/praxis\/wp-content\/uploads\/2025\/05\/3-DSCN4392-1024x768.jpg\" alt=\"\" class=\"wp-image-1520\" srcset=\"https:\/\/projetos.uel.br\/praxis\/wp-content\/uploads\/2025\/05\/3-DSCN4392-1024x768.jpg 1024w, https:\/\/projetos.uel.br\/praxis\/wp-content\/uploads\/2025\/05\/3-DSCN4392-300x225.jpg 300w, https:\/\/projetos.uel.br\/praxis\/wp-content\/uploads\/2025\/05\/3-DSCN4392-768x576.jpg 768w, https:\/\/projetos.uel.br\/praxis\/wp-content\/uploads\/2025\/05\/3-DSCN4392-1536x1152.jpg 1536w, https:\/\/projetos.uel.br\/praxis\/wp-content\/uploads\/2025\/05\/3-DSCN4392-2048x1536.jpg 2048w\" sizes=\"auto, (max-width: 1024px) 100vw, 1024px\" \/><\/figure>\n\n\n\n<figure class=\"wp-block-image size-large\"><img loading=\"lazy\" decoding=\"async\" width=\"1024\" height=\"838\" data-id=\"1532\" src=\"https:\/\/projetos.uel.br\/praxis\/wp-content\/uploads\/2025\/05\/16-DSCN4456-1024x838.jpg\" alt=\"\" class=\"wp-image-1532\" srcset=\"https:\/\/projetos.uel.br\/praxis\/wp-content\/uploads\/2025\/05\/16-DSCN4456-1024x838.jpg 1024w, https:\/\/projetos.uel.br\/praxis\/wp-content\/uploads\/2025\/05\/16-DSCN4456-300x245.jpg 300w, https:\/\/projetos.uel.br\/praxis\/wp-content\/uploads\/2025\/05\/16-DSCN4456-768x628.jpg 768w, https:\/\/projetos.uel.br\/praxis\/wp-content\/uploads\/2025\/05\/16-DSCN4456-1536x1256.jpg 1536w, https:\/\/projetos.uel.br\/praxis\/wp-content\/uploads\/2025\/05\/16-DSCN4456-2048x1675.jpg 2048w\" sizes=\"auto, (max-width: 1024px) 100vw, 1024px\" \/><\/figure>\n\n\n\n<figure class=\"wp-block-image size-large\"><img loading=\"lazy\" decoding=\"async\" width=\"1024\" height=\"768\" data-id=\"1533\" src=\"https:\/\/projetos.uel.br\/praxis\/wp-content\/uploads\/2025\/05\/17-DSCN4467-1024x768.jpg\" alt=\"\" class=\"wp-image-1533\" srcset=\"https:\/\/projetos.uel.br\/praxis\/wp-content\/uploads\/2025\/05\/17-DSCN4467-1024x768.jpg 1024w, https:\/\/projetos.uel.br\/praxis\/wp-content\/uploads\/2025\/05\/17-DSCN4467-300x225.jpg 300w, https:\/\/projetos.uel.br\/praxis\/wp-content\/uploads\/2025\/05\/17-DSCN4467-768x576.jpg 768w, https:\/\/projetos.uel.br\/praxis\/wp-content\/uploads\/2025\/05\/17-DSCN4467-1536x1152.jpg 1536w, https:\/\/projetos.uel.br\/praxis\/wp-content\/uploads\/2025\/05\/17-DSCN4467-2048x1536.jpg 2048w\" sizes=\"auto, (max-width: 1024px) 100vw, 1024px\" \/><\/figure>\n\n\n\n<figure class=\"wp-block-image size-large\"><img loading=\"lazy\" decoding=\"async\" width=\"1024\" height=\"768\" data-id=\"1535\" src=\"https:\/\/projetos.uel.br\/praxis\/wp-content\/uploads\/2025\/05\/19-DSCN4470-1024x768.jpg\" alt=\"\" class=\"wp-image-1535\" srcset=\"https:\/\/projetos.uel.br\/praxis\/wp-content\/uploads\/2025\/05\/19-DSCN4470-1024x768.jpg 1024w, https:\/\/projetos.uel.br\/praxis\/wp-content\/uploads\/2025\/05\/19-DSCN4470-300x225.jpg 300w, https:\/\/projetos.uel.br\/praxis\/wp-content\/uploads\/2025\/05\/19-DSCN4470-768x576.jpg 768w, https:\/\/projetos.uel.br\/praxis\/wp-content\/uploads\/2025\/05\/19-DSCN4470-1536x1152.jpg 1536w, https:\/\/projetos.uel.br\/praxis\/wp-content\/uploads\/2025\/05\/19-DSCN4470-2048x1536.jpg 2048w\" sizes=\"auto, (max-width: 1024px) 100vw, 1024px\" \/><\/figure>\n\n\n\n<figure class=\"wp-block-image size-large\"><img loading=\"lazy\" decoding=\"async\" width=\"1024\" height=\"771\" data-id=\"1526\" src=\"https:\/\/projetos.uel.br\/praxis\/wp-content\/uploads\/2025\/05\/9-DSCN4420-1024x771.jpg\" alt=\"\" class=\"wp-image-1526\" srcset=\"https:\/\/projetos.uel.br\/praxis\/wp-content\/uploads\/2025\/05\/9-DSCN4420-1024x771.jpg 1024w, https:\/\/projetos.uel.br\/praxis\/wp-content\/uploads\/2025\/05\/9-DSCN4420-300x226.jpg 300w, https:\/\/projetos.uel.br\/praxis\/wp-content\/uploads\/2025\/05\/9-DSCN4420-768x578.jpg 768w, https:\/\/projetos.uel.br\/praxis\/wp-content\/uploads\/2025\/05\/9-DSCN4420-1536x1156.jpg 1536w, https:\/\/projetos.uel.br\/praxis\/wp-content\/uploads\/2025\/05\/9-DSCN4420-2048x1542.jpg 2048w\" sizes=\"auto, (max-width: 1024px) 100vw, 1024px\" \/><\/figure>\n\n\n\n<figure class=\"wp-block-image size-large\"><img loading=\"lazy\" decoding=\"async\" width=\"1024\" height=\"768\" data-id=\"1536\" src=\"https:\/\/projetos.uel.br\/praxis\/wp-content\/uploads\/2025\/05\/20-DSCN4472-1024x768.jpg\" alt=\"\" class=\"wp-image-1536\" srcset=\"https:\/\/projetos.uel.br\/praxis\/wp-content\/uploads\/2025\/05\/20-DSCN4472-1024x768.jpg 1024w, https:\/\/projetos.uel.br\/praxis\/wp-content\/uploads\/2025\/05\/20-DSCN4472-300x225.jpg 300w, https:\/\/projetos.uel.br\/praxis\/wp-content\/uploads\/2025\/05\/20-DSCN4472-768x576.jpg 768w, https:\/\/projetos.uel.br\/praxis\/wp-content\/uploads\/2025\/05\/20-DSCN4472-1536x1152.jpg 1536w, https:\/\/projetos.uel.br\/praxis\/wp-content\/uploads\/2025\/05\/20-DSCN4472-2048x1536.jpg 2048w\" sizes=\"auto, (max-width: 1024px) 100vw, 1024px\" \/><\/figure>\n\n\n\n<figure class=\"wp-block-image size-large\"><img loading=\"lazy\" decoding=\"async\" width=\"1024\" height=\"768\" data-id=\"1537\" src=\"https:\/\/projetos.uel.br\/praxis\/wp-content\/uploads\/2025\/05\/21-DSCN4474-1024x768.jpg\" alt=\"\" class=\"wp-image-1537\" srcset=\"https:\/\/projetos.uel.br\/praxis\/wp-content\/uploads\/2025\/05\/21-DSCN4474-1024x768.jpg 1024w, https:\/\/projetos.uel.br\/praxis\/wp-content\/uploads\/2025\/05\/21-DSCN4474-300x225.jpg 300w, https:\/\/projetos.uel.br\/praxis\/wp-content\/uploads\/2025\/05\/21-DSCN4474-768x576.jpg 768w, https:\/\/projetos.uel.br\/praxis\/wp-content\/uploads\/2025\/05\/21-DSCN4474-1536x1152.jpg 1536w, https:\/\/projetos.uel.br\/praxis\/wp-content\/uploads\/2025\/05\/21-DSCN4474-2048x1536.jpg 2048w\" sizes=\"auto, (max-width: 1024px) 100vw, 1024px\" \/><\/figure>\n\n\n\n<figure class=\"wp-block-image size-large\"><img loading=\"lazy\" decoding=\"async\" width=\"1024\" height=\"768\" data-id=\"1538\" src=\"https:\/\/projetos.uel.br\/praxis\/wp-content\/uploads\/2025\/05\/22-DSCN4480-1024x768.jpg\" alt=\"\" class=\"wp-image-1538\" srcset=\"https:\/\/projetos.uel.br\/praxis\/wp-content\/uploads\/2025\/05\/22-DSCN4480-1024x768.jpg 1024w, https:\/\/projetos.uel.br\/praxis\/wp-content\/uploads\/2025\/05\/22-DSCN4480-300x225.jpg 300w, https:\/\/projetos.uel.br\/praxis\/wp-content\/uploads\/2025\/05\/22-DSCN4480-768x576.jpg 768w, https:\/\/projetos.uel.br\/praxis\/wp-content\/uploads\/2025\/05\/22-DSCN4480-1536x1152.jpg 1536w, https:\/\/projetos.uel.br\/praxis\/wp-content\/uploads\/2025\/05\/22-DSCN4480-2048x1536.jpg 2048w\" sizes=\"auto, (max-width: 1024px) 100vw, 1024px\" \/><\/figure>\n\n\n\n<figure class=\"wp-block-image size-large\"><img loading=\"lazy\" decoding=\"async\" width=\"1024\" height=\"768\" data-id=\"1539\" src=\"https:\/\/projetos.uel.br\/praxis\/wp-content\/uploads\/2025\/05\/23-DSCN4481-1024x768.jpg\" alt=\"\" class=\"wp-image-1539\" srcset=\"https:\/\/projetos.uel.br\/praxis\/wp-content\/uploads\/2025\/05\/23-DSCN4481-1024x768.jpg 1024w, https:\/\/projetos.uel.br\/praxis\/wp-content\/uploads\/2025\/05\/23-DSCN4481-300x225.jpg 300w, https:\/\/projetos.uel.br\/praxis\/wp-content\/uploads\/2025\/05\/23-DSCN4481-768x576.jpg 768w, https:\/\/projetos.uel.br\/praxis\/wp-content\/uploads\/2025\/05\/23-DSCN4481-1536x1152.jpg 1536w, https:\/\/projetos.uel.br\/praxis\/wp-content\/uploads\/2025\/05\/23-DSCN4481-2048x1536.jpg 2048w\" sizes=\"auto, (max-width: 1024px) 100vw, 1024px\" \/><\/figure>\n\n\n\n<figure class=\"wp-block-image size-large\"><img loading=\"lazy\" decoding=\"async\" width=\"1024\" height=\"768\" data-id=\"1545\" src=\"https:\/\/projetos.uel.br\/praxis\/wp-content\/uploads\/2025\/05\/29-DSCN4505-1024x768.jpg\" alt=\"\" class=\"wp-image-1545\" srcset=\"https:\/\/projetos.uel.br\/praxis\/wp-content\/uploads\/2025\/05\/29-DSCN4505-1024x768.jpg 1024w, https:\/\/projetos.uel.br\/praxis\/wp-content\/uploads\/2025\/05\/29-DSCN4505-300x225.jpg 300w, https:\/\/projetos.uel.br\/praxis\/wp-content\/uploads\/2025\/05\/29-DSCN4505-768x576.jpg 768w, https:\/\/projetos.uel.br\/praxis\/wp-content\/uploads\/2025\/05\/29-DSCN4505-1536x1152.jpg 1536w, https:\/\/projetos.uel.br\/praxis\/wp-content\/uploads\/2025\/05\/29-DSCN4505-2048x1536.jpg 2048w\" sizes=\"auto, (max-width: 1024px) 100vw, 1024px\" \/><\/figure>\n\n\n\n<figure class=\"wp-block-image size-large\"><img loading=\"lazy\" decoding=\"async\" width=\"1024\" height=\"768\" data-id=\"1547\" src=\"https:\/\/projetos.uel.br\/praxis\/wp-content\/uploads\/2025\/05\/30-DSCN4510-1024x768.jpg\" alt=\"\" class=\"wp-image-1547\" srcset=\"https:\/\/projetos.uel.br\/praxis\/wp-content\/uploads\/2025\/05\/30-DSCN4510-1024x768.jpg 1024w, https:\/\/projetos.uel.br\/praxis\/wp-content\/uploads\/2025\/05\/30-DSCN4510-300x225.jpg 300w, https:\/\/projetos.uel.br\/praxis\/wp-content\/uploads\/2025\/05\/30-DSCN4510-768x576.jpg 768w, https:\/\/projetos.uel.br\/praxis\/wp-content\/uploads\/2025\/05\/30-DSCN4510-1536x1152.jpg 1536w, https:\/\/projetos.uel.br\/praxis\/wp-content\/uploads\/2025\/05\/30-DSCN4510-2048x1536.jpg 2048w\" sizes=\"auto, (max-width: 1024px) 100vw, 1024px\" \/><\/figure>\n\n\n\n<figure class=\"wp-block-image size-large\"><img loading=\"lazy\" decoding=\"async\" width=\"1024\" height=\"832\" data-id=\"1546\" src=\"https:\/\/projetos.uel.br\/praxis\/wp-content\/uploads\/2025\/05\/31-DSCN4511-1024x832.jpg\" alt=\"\" class=\"wp-image-1546\" srcset=\"https:\/\/projetos.uel.br\/praxis\/wp-content\/uploads\/2025\/05\/31-DSCN4511-1024x832.jpg 1024w, https:\/\/projetos.uel.br\/praxis\/wp-content\/uploads\/2025\/05\/31-DSCN4511-300x244.jpg 300w, https:\/\/projetos.uel.br\/praxis\/wp-content\/uploads\/2025\/05\/31-DSCN4511-768x624.jpg 768w, https:\/\/projetos.uel.br\/praxis\/wp-content\/uploads\/2025\/05\/31-DSCN4511-1536x1248.jpg 1536w, https:\/\/projetos.uel.br\/praxis\/wp-content\/uploads\/2025\/05\/31-DSCN4511-2048x1664.jpg 2048w\" sizes=\"auto, (max-width: 1024px) 100vw, 1024px\" \/><\/figure>\n<\/figure>\n\n\n\n<p>Fotos de Clara Borbalan<\/p>\n","protected":false},"excerpt":{"rendered":"<p>A&nbsp;Rede Intersetorial da Regi\u00e3o Sul de Londrina&nbsp;realizou, na quarta-feira, 21 de maio de 2025, a&nbsp;IV Blitz Educativa no Combate ao Abuso e \u00e0 Explora\u00e7\u00e3o Sexual de Crian\u00e7as e Adolescentes. O Pr\u00e1xis Itinerante foi parceiro da a\u00e7\u00e3o que aconteceu no CRAS Sul A. O evento integrou as mobiliza\u00e7\u00f5es do 18 de Maio \u2013 Dia Nacional de [&hellip;]<\/p>\n","protected":false},"author":12,"featured_media":0,"parent":0,"menu_order":0,"comment_status":"closed","ping_status":"closed","template":"","meta":{"_acf_changed":false,"footnotes":""},"class_list":["post-1515","page","type-page","status-publish","hentry"],"acf":[],"_links":{"self":[{"href":"https:\/\/projetos.uel.br\/praxis\/wp-json\/wp\/v2\/pages\/1515","targetHints":{"allow":["GET"]}}],"collection":[{"href":"https:\/\/projetos.uel.br\/praxis\/wp-json\/wp\/v2\/pages"}],"about":[{"href":"https:\/\/projetos.uel.br\/praxis\/wp-json\/wp\/v2\/types\/page"}],"author":[{"embeddable":true,"href":"https:\/\/projetos.uel.br\/praxis\/wp-json\/wp\/v2\/users\/12"}],"replies":[{"embeddable":true,"href":"https:\/\/projetos.uel.br\/praxis\/wp-json\/wp\/v2\/comments?post=1515"}],"version-history":[{"count":3,"href":"https:\/\/projetos.uel.br\/praxis\/wp-json\/wp\/v2\/pages\/1515\/revisions"}],"predecessor-version":[{"id":1716,"href":"https:\/\/projetos.uel.br\/praxis\/wp-json\/wp\/v2\/pages\/1515\/revisions\/1716"}],"wp:attachment":[{"href":"https:\/\/projetos.uel.br\/praxis\/wp-json\/wp\/v2\/media?parent=1515"}],"curies":[{"name":"wp","href":"https:\/\/api.w.org\/{rel}","templated":true}]}}