{"id":1098,"date":"2025-04-24T15:35:46","date_gmt":"2025-04-24T18:35:46","guid":{"rendered":"https:\/\/projetos.uel.br\/praxis\/?page_id=1098"},"modified":"2025-05-30T15:19:49","modified_gmt":"2025-05-30T18:19:49","slug":"memoria-e-identidade-assentamento-eli-vi","status":"publish","type":"page","link":"https:\/\/projetos.uel.br\/praxis\/memoria-e-identidade-assentamento-eli-vi\/","title":{"rendered":"Mem\u00f3ria e identidade, Assentamento Eli Vive"},"content":{"rendered":"\n<p>Entre os anos de 2023 e 2024, foi desenvolvida uma a\u00e7\u00e3o conjunta entre o grupo Pr\u00e1xis Itinerante e o Assentamento Eli Vive com o prop\u00f3sito de resgatar as mem\u00f3rias da antiga escola do assentamento.                                                                                     A iniciativa partiu da sele\u00e7\u00e3o e digitaliza\u00e7\u00e3o de fotografias antigas cedidas pelos pr\u00f3prios moradores, resultando na cria\u00e7\u00e3o de um espa\u00e7o de mem\u00f3ria que valoriza a hist\u00f3ria e a trajet\u00f3ria da comunidade. Atrav\u00e9s deste trabalho, o mural no formato de banner com mais de tr\u00eas metros de comprimento apresenta os principais fatos hist\u00f3ricos, tendo como fio condutor a luta encampada pelo Movimento dos Trabalhadores Sem Terra, MST, desde a sua funda\u00e7\u00e3o, em 1984, em Cascavel. Dentre os principais acontecimentos retratados est\u00e3o a morte do l\u00edder sem-terra Eli Dallemole, que nomeia o assentamento, e a inaugura\u00e7\u00e3o da Escola Itinerante Maria Aparecida Rosignol Franciosi, em 2009, ano da ocupa\u00e7\u00e3o das \u00e1reas das fazendas Guairac\u00e1 e Pininga, que juntas somam 7,3 mil hectares. O mural tamb\u00e9m registra momentos marcantes da trajet\u00f3ria do assentamento, como as datas comemorativas e a visita do ent\u00e3o candidato \u00e0 presid\u00eancia da Rep\u00fablica Luiz In\u00e1cio Lula da Silva, em 2022. Os materiais produzidos foram expostos na nova escola do assentamento, \u201cTrabalho e Saber\u201d, inaugurada em 2024, fortalecendo o elo entre mem\u00f3ria, identidade e educa\u00e7\u00e3o popular.<\/p>\n\n\n<div class=\"wp-block-image\">\n<figure class=\"aligncenter size-full\"><img loading=\"lazy\" decoding=\"async\" width=\"899\" height=\"597\" src=\"https:\/\/projetos.uel.br\/praxis\/wp-content\/uploads\/2025\/04\/Captura-de-tela-2025-04-24-153954.png\" alt=\"\" class=\"wp-image-1103\" srcset=\"https:\/\/projetos.uel.br\/praxis\/wp-content\/uploads\/2025\/04\/Captura-de-tela-2025-04-24-153954.png 899w, https:\/\/projetos.uel.br\/praxis\/wp-content\/uploads\/2025\/04\/Captura-de-tela-2025-04-24-153954-300x199.png 300w, https:\/\/projetos.uel.br\/praxis\/wp-content\/uploads\/2025\/04\/Captura-de-tela-2025-04-24-153954-768x510.png 768w\" sizes=\"auto, (max-width: 899px) 100vw, 899px\" \/><figcaption class=\"wp-element-caption\">Da direita para esquerda, Alexsander Barbosa, Maria Fernanda Po\u00e7as, Tiago Daniel, Ana Carolina Lima, Ma\u00edra Torres, Ana Beatriz Ribeiro e Jo\u00e3o Guilherme Aldegueri<\/figcaption><\/figure>\n<\/div>\n\n\n<h2 class=\"wp-block-heading\">Galeria de Fotos <\/h2>\n\n\n<div class=\"n2-section-smartslider fitvidsignore  n2_clear\" data-ssid=\"16\" tabindex=\"0\" role=\"region\" aria-label=\"Slider\"><div id=\"n2-ss-16-align\" class=\"n2-ss-align\"><div class=\"n2-padding\"><div id=\"n2-ss-16\" data-creator=\"Smart Slider 3\" data-responsive=\"auto\" class=\"n2-ss-slider n2-ow n2-has-hover n2notransition  \"><div class=\"n2-ss-slider-wrapper-inside\">\n        <div class=\"n2-ss-slider-1 n2_ss__touch_element n2-ow\">\n            <div class=\"n2-ss-slider-2 n2-ow\">\n                                                <div class=\"n2-ss-slider-3 n2-ow\">\n\n                    <div class=\"n2-ss-slide-backgrounds n2-ow-all\"><div class=\"n2-ss-slide-background\" data-public-id=\"1\" data-mode=\"fill\"><div class=\"n2-ss-slide-background-image\" data-blur=\"0\" data-opacity=\"100\" data-x=\"50\" data-y=\"50\" data-alt=\"\" data-title=\"\"><picture class=\"skip-lazy\" data-skip-lazy=\"1\"><img decoding=\"async\" src=\"\/\/projetos.uel.br\/praxis\/wp-content\/uploads\/2025\/04\/IMG_2966-scaled.jpg\" alt=\"\" title=\"\" loading=\"lazy\" class=\"skip-lazy\" data-skip-lazy=\"1\"><\/picture><\/div><div data-color=\"RGBA(255,255,255,0)\" style=\"background-color: RGBA(255,255,255,0);\" class=\"n2-ss-slide-background-color\"><\/div><\/div><div class=\"n2-ss-slide-background\" data-public-id=\"2\" data-mode=\"fill\"><div class=\"n2-ss-slide-background-image\" data-blur=\"0\" data-opacity=\"100\" data-x=\"50\" data-y=\"50\" data-alt=\"\" data-title=\"\"><picture class=\"skip-lazy\" data-skip-lazy=\"1\"><img decoding=\"async\" src=\"\/\/projetos.uel.br\/praxis\/wp-content\/uploads\/2025\/04\/IMG_2964-scaled.jpg\" alt=\"\" title=\"\" loading=\"lazy\" class=\"skip-lazy\" data-skip-lazy=\"1\"><\/picture><\/div><div data-color=\"RGBA(255,255,255,0)\" style=\"background-color: RGBA(255,255,255,0);\" class=\"n2-ss-slide-background-color\"><\/div><\/div><div class=\"n2-ss-slide-background\" data-public-id=\"3\" data-mode=\"fill\"><div class=\"n2-ss-slide-background-image\" data-blur=\"0\" data-opacity=\"100\" data-x=\"49\" data-y=\"65\" data-alt=\"\" data-title=\"\" style=\"--ss-o-pos-x:49%;--ss-o-pos-y:65%\"><picture class=\"skip-lazy\" data-skip-lazy=\"1\"><img decoding=\"async\" src=\"\/\/projetos.uel.br\/praxis\/wp-content\/uploads\/2025\/04\/IMG_2969-scaled.jpg\" alt=\"\" title=\"\" loading=\"lazy\" class=\"skip-lazy\" data-skip-lazy=\"1\"><\/picture><\/div><div data-color=\"RGBA(255,255,255,0)\" style=\"background-color: RGBA(255,255,255,0);\" class=\"n2-ss-slide-background-color\"><\/div><\/div><div class=\"n2-ss-slide-background\" data-public-id=\"4\" data-mode=\"fill\"><div class=\"n2-ss-slide-background-image\" data-blur=\"0\" data-opacity=\"100\" data-x=\"48\" data-y=\"73\" data-alt=\"\" data-title=\"\" style=\"--ss-o-pos-x:48%;--ss-o-pos-y:73%\"><picture class=\"skip-lazy\" data-skip-lazy=\"1\"><img decoding=\"async\" src=\"\/\/projetos.uel.br\/praxis\/wp-content\/uploads\/2025\/04\/IMG_2974-scaled.jpg\" alt=\"\" title=\"\" loading=\"lazy\" class=\"skip-lazy\" data-skip-lazy=\"1\"><\/picture><\/div><div data-color=\"RGBA(255,255,255,0)\" style=\"background-color: RGBA(255,255,255,0);\" class=\"n2-ss-slide-background-color\"><\/div><\/div><div class=\"n2-ss-slide-background\" data-public-id=\"5\" data-mode=\"fill\"><div class=\"n2-ss-slide-background-image\" data-blur=\"0\" data-opacity=\"100\" data-x=\"50\" data-y=\"50\" data-alt=\"\" data-title=\"\"><picture class=\"skip-lazy\" data-skip-lazy=\"1\"><img decoding=\"async\" src=\"\/\/projetos.uel.br\/praxis\/wp-content\/uploads\/2025\/04\/IMG_2975-scaled.jpg\" alt=\"\" title=\"\" loading=\"lazy\" class=\"skip-lazy\" data-skip-lazy=\"1\"><\/picture><\/div><div data-color=\"RGBA(255,255,255,0)\" style=\"background-color: RGBA(255,255,255,0);\" class=\"n2-ss-slide-background-color\"><\/div><\/div><div class=\"n2-ss-slide-background\" data-public-id=\"6\" data-mode=\"fill\"><div class=\"n2-ss-slide-background-image\" data-blur=\"0\" data-opacity=\"100\" data-x=\"50\" data-y=\"50\" data-alt=\"\" data-title=\"\"><picture class=\"skip-lazy\" data-skip-lazy=\"1\"><img decoding=\"async\" src=\"\/\/projetos.uel.br\/praxis\/wp-content\/uploads\/2025\/04\/IMG_2979-scaled.jpg\" alt=\"\" title=\"\" loading=\"lazy\" class=\"skip-lazy\" data-skip-lazy=\"1\"><\/picture><\/div><div data-color=\"RGBA(255,255,255,0)\" style=\"background-color: RGBA(255,255,255,0);\" class=\"n2-ss-slide-background-color\"><\/div><\/div><div class=\"n2-ss-slide-background\" data-public-id=\"7\" data-mode=\"fill\"><div class=\"n2-ss-slide-background-image\" data-blur=\"0\" data-opacity=\"100\" data-x=\"49\" data-y=\"67\" data-alt=\"\" data-title=\"\" style=\"--ss-o-pos-x:49%;--ss-o-pos-y:67%\"><picture class=\"skip-lazy\" data-skip-lazy=\"1\"><img decoding=\"async\" src=\"\/\/projetos.uel.br\/praxis\/wp-content\/uploads\/2025\/04\/IMG_2990-scaled.jpg\" alt=\"\" title=\"\" loading=\"lazy\" class=\"skip-lazy\" data-skip-lazy=\"1\"><\/picture><\/div><div data-color=\"RGBA(255,255,255,0)\" style=\"background-color: RGBA(255,255,255,0);\" class=\"n2-ss-slide-background-color\"><\/div><\/div><div class=\"n2-ss-slide-background\" data-public-id=\"8\" data-mode=\"fill\"><div class=\"n2-ss-slide-background-image\" data-blur=\"0\" data-opacity=\"100\" data-x=\"50\" data-y=\"50\" data-alt=\"\" data-title=\"\"><picture class=\"skip-lazy\" data-skip-lazy=\"1\"><img decoding=\"async\" src=\"\/\/projetos.uel.br\/praxis\/wp-content\/uploads\/2025\/04\/IMG_2991-scaled.jpg\" alt=\"\" title=\"\" loading=\"lazy\" class=\"skip-lazy\" data-skip-lazy=\"1\"><\/picture><\/div><div data-color=\"RGBA(255,255,255,0)\" style=\"background-color: RGBA(255,255,255,0);\" class=\"n2-ss-slide-background-color\"><\/div><\/div><div class=\"n2-ss-slide-background\" data-public-id=\"9\" data-mode=\"fill\"><div class=\"n2-ss-slide-background-image\" data-blur=\"0\" data-opacity=\"100\" data-x=\"50\" data-y=\"50\" data-alt=\"\" data-title=\"\"><picture class=\"skip-lazy\" data-skip-lazy=\"1\"><img decoding=\"async\" src=\"\/\/projetos.uel.br\/praxis\/wp-content\/uploads\/2025\/04\/IMG_2992-scaled.jpg\" alt=\"\" title=\"\" loading=\"lazy\" class=\"skip-lazy\" data-skip-lazy=\"1\"><\/picture><\/div><div data-color=\"RGBA(255,255,255,0)\" style=\"background-color: RGBA(255,255,255,0);\" class=\"n2-ss-slide-background-color\"><\/div><\/div><div class=\"n2-ss-slide-background\" data-public-id=\"10\" data-mode=\"fill\"><div class=\"n2-ss-slide-background-image\" data-blur=\"0\" data-opacity=\"100\" data-x=\"50\" data-y=\"50\" data-alt=\"\" data-title=\"\"><picture class=\"skip-lazy\" data-skip-lazy=\"1\"><img decoding=\"async\" src=\"\/\/projetos.uel.br\/praxis\/wp-content\/uploads\/2025\/04\/IMG_2996-scaled.jpg\" alt=\"\" title=\"\" loading=\"lazy\" class=\"skip-lazy\" data-skip-lazy=\"1\"><\/picture><\/div><div data-color=\"RGBA(255,255,255,0)\" style=\"background-color: RGBA(255,255,255,0);\" class=\"n2-ss-slide-background-color\"><\/div><\/div><\/div>                    <div class=\"n2-ss-slider-4 n2-ow\">\n                        <svg xmlns=\"http:\/\/www.w3.org\/2000\/svg\" viewBox=\"0 0 600 600\" data-related-device=\"desktopPortrait\" class=\"n2-ow n2-ss-preserve-size n2-ss-preserve-size--slider n2-ss-slide-limiter\"><\/svg><div data-first=\"1\" data-slide-duration=\"0\" data-id=\"509\" data-slide-public-id=\"1\" data-title=\"IMG_2966\" class=\"n2-ss-slide n2-ow  n2-ss-slide-509\"><div role=\"note\" class=\"n2-ss-slide--focus\" tabindex=\"-1\">IMG_2966<\/div><div class=\"n2-ss-layers-container n2-ss-slide-limiter n2-ow\"><div class=\"n2-ss-layer n2-ow n-uc-tHDwb66ShzXM\" data-sstype=\"slide\" data-pm=\"default\"><\/div><\/div><\/div><div data-slide-duration=\"0\" data-id=\"510\" data-slide-public-id=\"2\" data-title=\"IMG_2964\" class=\"n2-ss-slide n2-ow  n2-ss-slide-510\"><div role=\"note\" class=\"n2-ss-slide--focus\" tabindex=\"-1\">IMG_2964<\/div><div class=\"n2-ss-layers-container n2-ss-slide-limiter n2-ow\"><div class=\"n2-ss-layer n2-ow n-uc-nKmxs26de5yJ\" data-sstype=\"slide\" data-pm=\"default\"><\/div><\/div><\/div><div data-slide-duration=\"0\" data-id=\"511\" data-slide-public-id=\"3\" data-title=\"IMG_2969\" class=\"n2-ss-slide n2-ow  n2-ss-slide-511\"><div role=\"note\" class=\"n2-ss-slide--focus\" tabindex=\"-1\">IMG_2969<\/div><div class=\"n2-ss-layers-container n2-ss-slide-limiter n2-ow\"><div class=\"n2-ss-layer n2-ow n-uc-XPet35vXY8uI\" data-sstype=\"slide\" data-pm=\"default\"><\/div><\/div><\/div><div data-slide-duration=\"0\" data-id=\"512\" data-slide-public-id=\"4\" data-title=\"IMG_2974\" class=\"n2-ss-slide n2-ow  n2-ss-slide-512\"><div role=\"note\" class=\"n2-ss-slide--focus\" tabindex=\"-1\">IMG_2974<\/div><div class=\"n2-ss-layers-container n2-ss-slide-limiter n2-ow\"><div class=\"n2-ss-layer n2-ow n-uc-IPWLKS9gQOqo\" data-sstype=\"slide\" data-pm=\"default\"><\/div><\/div><\/div><div data-slide-duration=\"0\" data-id=\"513\" data-slide-public-id=\"5\" data-title=\"IMG_2975\" class=\"n2-ss-slide n2-ow  n2-ss-slide-513\"><div role=\"note\" class=\"n2-ss-slide--focus\" tabindex=\"-1\">IMG_2975<\/div><div class=\"n2-ss-layers-container n2-ss-slide-limiter n2-ow\"><div class=\"n2-ss-layer n2-ow n-uc-28LOrY2VuQqm\" data-sstype=\"slide\" data-pm=\"default\"><\/div><\/div><\/div><div data-slide-duration=\"0\" data-id=\"514\" data-slide-public-id=\"6\" data-title=\"IMG_2979\" class=\"n2-ss-slide n2-ow  n2-ss-slide-514\"><div role=\"note\" class=\"n2-ss-slide--focus\" tabindex=\"-1\">IMG_2979<\/div><div class=\"n2-ss-layers-container n2-ss-slide-limiter n2-ow\"><div class=\"n2-ss-layer n2-ow n-uc-GYBkgpfDq8A0\" data-sstype=\"slide\" data-pm=\"default\"><\/div><\/div><\/div><div data-slide-duration=\"0\" data-id=\"515\" data-slide-public-id=\"7\" data-title=\"IMG_2990\" class=\"n2-ss-slide n2-ow  n2-ss-slide-515\"><div role=\"note\" class=\"n2-ss-slide--focus\" tabindex=\"-1\">IMG_2990<\/div><div class=\"n2-ss-layers-container n2-ss-slide-limiter n2-ow\"><div class=\"n2-ss-layer n2-ow n-uc-PLkyeopeA2hG\" data-sstype=\"slide\" data-pm=\"default\"><\/div><\/div><\/div><div data-slide-duration=\"0\" data-id=\"516\" data-slide-public-id=\"8\" data-title=\"IMG_2991\" class=\"n2-ss-slide n2-ow  n2-ss-slide-516\"><div role=\"note\" class=\"n2-ss-slide--focus\" tabindex=\"-1\">IMG_2991<\/div><div class=\"n2-ss-layers-container n2-ss-slide-limiter n2-ow\"><div class=\"n2-ss-layer n2-ow n-uc-DViLyOtsR7a5\" data-sstype=\"slide\" data-pm=\"default\"><\/div><\/div><\/div><div data-slide-duration=\"0\" data-id=\"517\" data-slide-public-id=\"9\" data-title=\"IMG_2992\" class=\"n2-ss-slide n2-ow  n2-ss-slide-517\"><div role=\"note\" class=\"n2-ss-slide--focus\" tabindex=\"-1\">IMG_2992<\/div><div class=\"n2-ss-layers-container n2-ss-slide-limiter n2-ow\"><div class=\"n2-ss-layer n2-ow n-uc-pHv9SIa7mIXL\" data-sstype=\"slide\" data-pm=\"default\"><\/div><\/div><\/div><div data-slide-duration=\"0\" data-id=\"518\" data-slide-public-id=\"10\" data-title=\"IMG_2996\" class=\"n2-ss-slide n2-ow  n2-ss-slide-518\"><div role=\"note\" class=\"n2-ss-slide--focus\" tabindex=\"-1\">IMG_2996<\/div><div class=\"n2-ss-layers-container n2-ss-slide-limiter n2-ow\"><div class=\"n2-ss-layer n2-ow n-uc-zTr51ZzWQV7t\" data-sstype=\"slide\" data-pm=\"default\"><\/div><\/div><\/div>                    <\/div>\n\n                                    <\/div>\n            <\/div>\n        <\/div>\n        <div class=\"n2-ss-slider-controls n2-ss-slider-controls-absolute-left-center\"><div style=\"--widget-offset:15px;\" class=\"n2-ss-widget nextend-arrow n2-ow-all nextend-arrow-previous  nextend-arrow-animated-fade\" data-hide-mobileportrait=\"1\" id=\"n2-ss-16-arrow-previous\" role=\"button\" aria-label=\"previous arrow\" tabindex=\"0\"><img loading=\"lazy\" decoding=\"async\" width=\"32\" height=\"32\" class=\"skip-lazy\" data-skip-lazy=\"1\" src=\"data:image\/svg+xml;base64,PHN2ZyB3aWR0aD0iMzIiIGhlaWdodD0iMzIiIHZpZXdCb3g9IjAgMCAzMiAzMiIgeG1sbnM9Imh0dHA6Ly93d3cudzMub3JnLzIwMDAvc3ZnIj4KICAgIDxwYXRoIGQ9Ik0xMS40MzMgMTUuOTkyTDIyLjY5IDUuNzEyYy4zOTMtLjM5LjM5My0xLjAzIDAtMS40Mi0uMzkzLS4zOS0xLjAzLS4zOS0xLjQyMyAwbC0xMS45OCAxMC45NGMtLjIxLjIxLS4zLjQ5LS4yODUuNzYtLjAxNS4yOC4wNzUuNTYuMjg0Ljc3bDExLjk4IDEwLjk0Yy4zOTMuMzkgMS4wMy4zOSAxLjQyNCAwIC4zOTMtLjQuMzkzLTEuMDMgMC0xLjQybC0xMS4yNTctMTAuMjkiCiAgICAgICAgICBmaWxsPSIjZmZmZmZmIiBvcGFjaXR5PSIwLjgiIGZpbGwtcnVsZT0iZXZlbm9kZCIvPgo8L3N2Zz4=\" alt=\"previous arrow\"><\/div><\/div><div class=\"n2-ss-slider-controls n2-ss-slider-controls-absolute-right-center\"><div style=\"--widget-offset:15px;\" class=\"n2-ss-widget nextend-arrow n2-ow-all nextend-arrow-next  nextend-arrow-animated-fade\" data-hide-mobileportrait=\"1\" id=\"n2-ss-16-arrow-next\" role=\"button\" aria-label=\"next arrow\" tabindex=\"0\"><img loading=\"lazy\" decoding=\"async\" width=\"32\" height=\"32\" class=\"skip-lazy\" data-skip-lazy=\"1\" src=\"data:image\/svg+xml;base64,PHN2ZyB3aWR0aD0iMzIiIGhlaWdodD0iMzIiIHZpZXdCb3g9IjAgMCAzMiAzMiIgeG1sbnM9Imh0dHA6Ly93d3cudzMub3JnLzIwMDAvc3ZnIj4KICAgIDxwYXRoIGQ9Ik0xMC43MjIgNC4yOTNjLS4zOTQtLjM5LTEuMDMyLS4zOS0xLjQyNyAwLS4zOTMuMzktLjM5MyAxLjAzIDAgMS40MmwxMS4yODMgMTAuMjgtMTEuMjgzIDEwLjI5Yy0uMzkzLjM5LS4zOTMgMS4wMiAwIDEuNDIuMzk1LjM5IDEuMDMzLjM5IDEuNDI3IDBsMTIuMDA3LTEwLjk0Yy4yMS0uMjEuMy0uNDkuMjg0LS43Ny4wMTQtLjI3LS4wNzYtLjU1LS4yODYtLjc2TDEwLjcyIDQuMjkzeiIKICAgICAgICAgIGZpbGw9IiNmZmZmZmYiIG9wYWNpdHk9IjAuOCIgZmlsbC1ydWxlPSJldmVub2RkIi8+Cjwvc3ZnPg==\" alt=\"next arrow\"><\/div><\/div><\/div><\/div><ss3-loader><\/ss3-loader><\/div><\/div><div class=\"n2_clear\"><\/div><\/div>","protected":false},"excerpt":{"rendered":"<p>Entre os anos de 2023 e 2024, foi desenvolvida uma a\u00e7\u00e3o conjunta entre o grupo Pr\u00e1xis Itinerante e o Assentamento Eli Vive com o prop\u00f3sito de resgatar as mem\u00f3rias da antiga escola do assentamento. A iniciativa partiu da sele\u00e7\u00e3o e digitaliza\u00e7\u00e3o de fotografias antigas cedidas pelos pr\u00f3prios moradores, resultando na cria\u00e7\u00e3o de um espa\u00e7o de [&hellip;]<\/p>\n","protected":false},"author":12,"featured_media":0,"parent":0,"menu_order":0,"comment_status":"closed","ping_status":"closed","template":"","meta":{"_acf_changed":false,"footnotes":""},"class_list":["post-1098","page","type-page","status-publish","hentry"],"acf":[],"_links":{"self":[{"href":"https:\/\/projetos.uel.br\/praxis\/wp-json\/wp\/v2\/pages\/1098","targetHints":{"allow":["GET"]}}],"collection":[{"href":"https:\/\/projetos.uel.br\/praxis\/wp-json\/wp\/v2\/pages"}],"about":[{"href":"https:\/\/projetos.uel.br\/praxis\/wp-json\/wp\/v2\/types\/page"}],"author":[{"embeddable":true,"href":"https:\/\/projetos.uel.br\/praxis\/wp-json\/wp\/v2\/users\/12"}],"replies":[{"embeddable":true,"href":"https:\/\/projetos.uel.br\/praxis\/wp-json\/wp\/v2\/comments?post=1098"}],"version-history":[{"count":6,"href":"https:\/\/projetos.uel.br\/praxis\/wp-json\/wp\/v2\/pages\/1098\/revisions"}],"predecessor-version":[{"id":1729,"href":"https:\/\/projetos.uel.br\/praxis\/wp-json\/wp\/v2\/pages\/1098\/revisions\/1729"}],"wp:attachment":[{"href":"https:\/\/projetos.uel.br\/praxis\/wp-json\/wp\/v2\/media?parent=1098"}],"curies":[{"name":"wp","href":"https:\/\/api.w.org\/{rel}","templated":true}]}}