{"id":1062,"date":"2025-04-23T16:28:42","date_gmt":"2025-04-23T19:28:42","guid":{"rendered":"https:\/\/projetos.uel.br\/praxis\/?page_id=1062"},"modified":"2025-04-25T16:42:41","modified_gmt":"2025-04-25T19:42:41","slug":"vista-bela","status":"publish","type":"page","link":"https:\/\/projetos.uel.br\/praxis\/vista-bela\/","title":{"rendered":"Col\u00e9gio Estadual Vista Bela"},"content":{"rendered":"\n<p>O Pr\u00e1xis Itinerante promoveu o Festival de Talentos no s\u00e1bado do dia 22 de agosto de 2018, para marcar a abertura de inscri\u00e7\u00f5es para turmas do cursinho de pr\u00e9-vestibular direcionado a estudantes de Ensino M\u00e9dio e egressos. As atividades tiveram in\u00edcio \u00e0s 14h00, em frente ao Col\u00e9gio Estadual Vista Bela.&nbsp;<\/p>\n\n\n\n<p>A programa\u00e7\u00e3o incluiu apresenta\u00e7\u00f5es de DJs, arte em grafite e dan\u00e7a rap, com artistas do bairro. Foram ofertadas 60 vagas, na \u00e9poca, para o cursinho pr\u00e9-vestibular, uma iniciativa do projeto, com in\u00edcio no dia 24 de setembro de 2018.     Al\u00e9m das apresenta\u00e7\u00f5es art\u00edsticas, foram arrecadados livros para equipar a biblioteca da escola. <\/p>\n\n\n\n<p>O cursinho pr\u00e9-vestibular do Vista Bela, que aconteceu nos anos letivos de 2018 e 2019,  atendia 20 estudantes, na \u00e9poca, com aulas de segunda-feira a sexta-feira, das 18h30 \u00e0s 22h30 e aos s\u00e1bados das 09h00 \u00e0s 18h30. Todos os 15 professores eram volunt\u00e1rios, respons\u00e1veis pelas disciplinas que integravam a grade do Vestibular da UEL e do ENEM. As aulas eram ministradas em salas de aulas cedidas pela escola, sem qualquer v\u00ednculo com o Col\u00e9gio Estadual Vista Bela. O desafio era manter as atividades com qualidade, atendendo a popula\u00e7\u00e3o local, que buscava novas oportunidades a partir da entrada no Ensino Superior.                                                                                                                                                                  O bairro, localizado na zona norte de Londrina, existe desde 2009, tinha aproximadamente 3 mil moradias, casas geminadas e apartamentos, no per\u00edodo, e cerca de 12 mil habitantes. Na \u00e9poca da constru\u00e7\u00e3o, o Vista Bela foi considerado o maior canteiro de obras do pa\u00eds.<\/p>\n\n\n\n<h2 class=\"wp-block-heading\">Galeria de Fotos<\/h2>\n\n\n<div class=\"n2-section-smartslider fitvidsignore  n2_clear\" data-ssid=\"14\"><div id=\"n2-ss-14-align\" class=\"n2-ss-align\"><div class=\"n2-padding\"><div id=\"n2-ss-14\" data-creator=\"Smart Slider 3\" data-responsive=\"auto\" class=\"n2-ss-slider n2-ow n2-has-hover n2notransition  \"><div class=\"n2-ss-slider-wrapper-inside\">\n        <div class=\"n2-ss-slider-1 n2_ss__touch_element n2-ow\">\n            <div class=\"n2-ss-slider-2 n2-ow\">\n                                                <div class=\"n2-ss-slider-3 n2-ow\">\n\n                    <div class=\"n2-ss-slide-backgrounds n2-ow-all\"><div class=\"n2-ss-slide-background\" data-public-id=\"1\" data-mode=\"fill\"><div class=\"n2-ss-slide-background-image\" data-blur=\"0\" data-opacity=\"100\" data-x=\"50\" data-y=\"50\" data-alt=\"\" data-title=\"\"><picture class=\"skip-lazy\" data-skip-lazy=\"1\"><img decoding=\"async\" src=\"\/\/projetos.uel.br\/praxis\/wp-content\/uploads\/2025\/04\/20180716_175408.jpg\" alt=\"\" title=\"\" loading=\"lazy\" class=\"skip-lazy\" data-skip-lazy=\"1\"><\/picture><\/div><div data-color=\"RGBA(255,255,255,0)\" style=\"background-color: RGBA(255,255,255,0);\" class=\"n2-ss-slide-background-color\"><\/div><\/div><div class=\"n2-ss-slide-background\" data-public-id=\"2\" data-mode=\"fill\"><div class=\"n2-ss-slide-background-image\" data-blur=\"0\" data-opacity=\"100\" data-x=\"50\" data-y=\"79\" data-alt=\"\" data-title=\"\" style=\"--ss-o-pos-y:79%\"><picture class=\"skip-lazy\" data-skip-lazy=\"1\"><img decoding=\"async\" src=\"\/\/projetos.uel.br\/praxis\/wp-content\/uploads\/2025\/04\/20180716_175349-scaled.jpg\" alt=\"\" title=\"\" loading=\"lazy\" class=\"skip-lazy\" data-skip-lazy=\"1\"><\/picture><\/div><div data-color=\"RGBA(255,255,255,0)\" style=\"background-color: RGBA(255,255,255,0);\" class=\"n2-ss-slide-background-color\"><\/div><\/div><div class=\"n2-ss-slide-background\" data-public-id=\"3\" data-mode=\"fill\"><div class=\"n2-ss-slide-background-image\" data-blur=\"0\" data-opacity=\"100\" data-x=\"49\" data-y=\"64\" data-alt=\"\" data-title=\"\" style=\"--ss-o-pos-x:49%;--ss-o-pos-y:64%\"><picture class=\"skip-lazy\" data-skip-lazy=\"1\"><img decoding=\"async\" src=\"\/\/projetos.uel.br\/praxis\/wp-content\/uploads\/2025\/04\/20180716_175335-scaled.jpg\" alt=\"\" title=\"\" loading=\"lazy\" class=\"skip-lazy\" data-skip-lazy=\"1\"><\/picture><\/div><div data-color=\"RGBA(255,255,255,0)\" style=\"background-color: RGBA(255,255,255,0);\" class=\"n2-ss-slide-background-color\"><\/div><\/div><div class=\"n2-ss-slide-background\" data-public-id=\"4\" data-mode=\"fill\"><div class=\"n2-ss-slide-background-image\" data-blur=\"0\" data-opacity=\"100\" data-x=\"50\" data-y=\"50\" data-alt=\"\" data-title=\"\"><picture class=\"skip-lazy\" data-skip-lazy=\"1\"><img decoding=\"async\" src=\"\/\/projetos.uel.br\/praxis\/wp-content\/uploads\/2025\/04\/20180716_175325-scaled.jpg\" alt=\"\" title=\"\" loading=\"lazy\" class=\"skip-lazy\" data-skip-lazy=\"1\"><\/picture><\/div><div data-color=\"RGBA(255,255,255,0)\" style=\"background-color: RGBA(255,255,255,0);\" class=\"n2-ss-slide-background-color\"><\/div><\/div><div class=\"n2-ss-slide-background\" data-public-id=\"5\" data-mode=\"fill\"><div class=\"n2-ss-slide-background-image\" data-blur=\"0\" data-opacity=\"100\" data-x=\"50\" data-y=\"50\" data-alt=\"\" data-title=\"\"><picture class=\"skip-lazy\" data-skip-lazy=\"1\"><img decoding=\"async\" src=\"\/\/projetos.uel.br\/praxis\/wp-content\/uploads\/2025\/04\/20180716_175321-scaled.jpg\" alt=\"\" title=\"\" loading=\"lazy\" class=\"skip-lazy\" data-skip-lazy=\"1\"><\/picture><\/div><div data-color=\"RGBA(255,255,255,0)\" style=\"background-color: RGBA(255,255,255,0);\" class=\"n2-ss-slide-background-color\"><\/div><\/div><\/div>                    <div class=\"n2-ss-slider-4 n2-ow\">\n                        <svg xmlns=\"http:\/\/www.w3.org\/2000\/svg\" viewBox=\"0 0 600 600\" data-related-device=\"desktopPortrait\" class=\"n2-ow n2-ss-preserve-size n2-ss-preserve-size--slider n2-ss-slide-limiter\"><\/svg><div data-first=\"1\" data-slide-duration=\"0\" data-id=\"445\" data-slide-public-id=\"1\" data-title=\"20180716_175408\" class=\"n2-ss-slide n2-ow  n2-ss-slide-445\"><div role=\"note\" class=\"n2-ss-slide--focus\" tabindex=\"-1\">20180716_175408<\/div><div class=\"n2-ss-layers-container n2-ss-slide-limiter n2-ow\"><div class=\"n2-ss-layer n2-ow n-uc-PPYiaFcQRPnN\" data-sstype=\"slide\" data-pm=\"default\"><\/div><\/div><\/div><div data-slide-duration=\"0\" data-id=\"446\" data-slide-public-id=\"2\" data-title=\"20180716_175349\" class=\"n2-ss-slide n2-ow  n2-ss-slide-446\"><div role=\"note\" class=\"n2-ss-slide--focus\" tabindex=\"-1\">20180716_175349<\/div><div class=\"n2-ss-layers-container n2-ss-slide-limiter n2-ow\"><div class=\"n2-ss-layer n2-ow n-uc-wkMfl7bXzKfi\" data-sstype=\"slide\" data-pm=\"default\"><\/div><\/div><\/div><div data-slide-duration=\"0\" data-id=\"447\" data-slide-public-id=\"3\" data-title=\"20180716_175335\" class=\"n2-ss-slide n2-ow  n2-ss-slide-447\"><div role=\"note\" class=\"n2-ss-slide--focus\" tabindex=\"-1\">20180716_175335<\/div><div class=\"n2-ss-layers-container n2-ss-slide-limiter n2-ow\"><div class=\"n2-ss-layer n2-ow n-uc-TrnUypKeb07A\" data-sstype=\"slide\" data-pm=\"default\"><\/div><\/div><\/div><div data-slide-duration=\"0\" data-id=\"448\" data-slide-public-id=\"4\" data-title=\"20180716_175325\" class=\"n2-ss-slide n2-ow  n2-ss-slide-448\"><div role=\"note\" class=\"n2-ss-slide--focus\" tabindex=\"-1\">20180716_175325<\/div><div class=\"n2-ss-layers-container n2-ss-slide-limiter n2-ow\"><div class=\"n2-ss-layer n2-ow n-uc-07EapMEM6xXH\" data-sstype=\"slide\" data-pm=\"default\"><\/div><\/div><\/div><div data-slide-duration=\"0\" data-id=\"449\" data-slide-public-id=\"5\" data-title=\"20180716_175321\" class=\"n2-ss-slide n2-ow  n2-ss-slide-449\"><div role=\"note\" class=\"n2-ss-slide--focus\" tabindex=\"-1\">20180716_175321<\/div><div class=\"n2-ss-layers-container n2-ss-slide-limiter n2-ow\"><div class=\"n2-ss-layer n2-ow n-uc-wRUYEyL6H2PJ\" data-sstype=\"slide\" data-pm=\"default\"><\/div><\/div><\/div>                    <\/div>\n\n                                    <\/div>\n            <\/div>\n        <\/div>\n        <div class=\"n2-ss-slider-controls n2-ss-slider-controls-absolute-left-center\"><div style=\"--widget-offset:15px;\" class=\"n2-ss-widget nextend-arrow n2-ow-all nextend-arrow-previous  nextend-arrow-animated-fade\" data-hide-mobileportrait=\"1\" id=\"n2-ss-14-arrow-previous\" role=\"button\" aria-label=\"previous arrow\" tabindex=\"0\"><img loading=\"lazy\" decoding=\"async\" width=\"32\" height=\"32\" class=\"skip-lazy\" data-skip-lazy=\"1\" src=\"data:image\/svg+xml;base64,PHN2ZyB3aWR0aD0iMzIiIGhlaWdodD0iMzIiIHZpZXdCb3g9IjAgMCAzMiAzMiIgeG1sbnM9Imh0dHA6Ly93d3cudzMub3JnLzIwMDAvc3ZnIj4KICAgIDxwYXRoIGQ9Ik0xMS40MzMgMTUuOTkyTDIyLjY5IDUuNzEyYy4zOTMtLjM5LjM5My0xLjAzIDAtMS40Mi0uMzkzLS4zOS0xLjAzLS4zOS0xLjQyMyAwbC0xMS45OCAxMC45NGMtLjIxLjIxLS4zLjQ5LS4yODUuNzYtLjAxNS4yOC4wNzUuNTYuMjg0Ljc3bDExLjk4IDEwLjk0Yy4zOTMuMzkgMS4wMy4zOSAxLjQyNCAwIC4zOTMtLjQuMzkzLTEuMDMgMC0xLjQybC0xMS4yNTctMTAuMjkiCiAgICAgICAgICBmaWxsPSIjZmZmZmZmIiBvcGFjaXR5PSIwLjgiIGZpbGwtcnVsZT0iZXZlbm9kZCIvPgo8L3N2Zz4=\" alt=\"previous arrow\"><\/div><\/div><div class=\"n2-ss-slider-controls n2-ss-slider-controls-absolute-right-center\"><div style=\"--widget-offset:15px;\" class=\"n2-ss-widget nextend-arrow n2-ow-all nextend-arrow-next  nextend-arrow-animated-fade\" data-hide-mobileportrait=\"1\" id=\"n2-ss-14-arrow-next\" role=\"button\" aria-label=\"next arrow\" tabindex=\"0\"><img loading=\"lazy\" decoding=\"async\" width=\"32\" height=\"32\" class=\"skip-lazy\" data-skip-lazy=\"1\" src=\"data:image\/svg+xml;base64,PHN2ZyB3aWR0aD0iMzIiIGhlaWdodD0iMzIiIHZpZXdCb3g9IjAgMCAzMiAzMiIgeG1sbnM9Imh0dHA6Ly93d3cudzMub3JnLzIwMDAvc3ZnIj4KICAgIDxwYXRoIGQ9Ik0xMC43MjIgNC4yOTNjLS4zOTQtLjM5LTEuMDMyLS4zOS0xLjQyNyAwLS4zOTMuMzktLjM5MyAxLjAzIDAgMS40MmwxMS4yODMgMTAuMjgtMTEuMjgzIDEwLjI5Yy0uMzkzLjM5LS4zOTMgMS4wMiAwIDEuNDIuMzk1LjM5IDEuMDMzLjM5IDEuNDI3IDBsMTIuMDA3LTEwLjk0Yy4yMS0uMjEuMy0uNDkuMjg0LS43Ny4wMTQtLjI3LS4wNzYtLjU1LS4yODYtLjc2TDEwLjcyIDQuMjkzeiIKICAgICAgICAgIGZpbGw9IiNmZmZmZmYiIG9wYWNpdHk9IjAuOCIgZmlsbC1ydWxlPSJldmVub2RkIi8+Cjwvc3ZnPg==\" alt=\"next arrow\"><\/div><\/div><\/div><\/div><ss3-loader><\/ss3-loader><\/div><\/div><div class=\"n2_clear\"><\/div><\/div>\n\n\n<p><\/p>\n","protected":false},"excerpt":{"rendered":"<p>O Pr\u00e1xis Itinerante promoveu o Festival de Talentos no s\u00e1bado do dia 22 de agosto de 2018, para marcar a abertura de inscri\u00e7\u00f5es para turmas do cursinho de pr\u00e9-vestibular direcionado a estudantes de Ensino M\u00e9dio e egressos. As atividades tiveram in\u00edcio \u00e0s 14h00, em frente ao Col\u00e9gio Estadual Vista Bela.&nbsp; A programa\u00e7\u00e3o incluiu apresenta\u00e7\u00f5es de [&hellip;]<\/p>\n","protected":false},"author":12,"featured_media":0,"parent":0,"menu_order":0,"comment_status":"closed","ping_status":"closed","template":"","meta":{"_acf_changed":false,"footnotes":""},"class_list":["post-1062","page","type-page","status-publish","hentry"],"acf":[],"_links":{"self":[{"href":"https:\/\/projetos.uel.br\/praxis\/wp-json\/wp\/v2\/pages\/1062","targetHints":{"allow":["GET"]}}],"collection":[{"href":"https:\/\/projetos.uel.br\/praxis\/wp-json\/wp\/v2\/pages"}],"about":[{"href":"https:\/\/projetos.uel.br\/praxis\/wp-json\/wp\/v2\/types\/page"}],"author":[{"embeddable":true,"href":"https:\/\/projetos.uel.br\/praxis\/wp-json\/wp\/v2\/users\/12"}],"replies":[{"embeddable":true,"href":"https:\/\/projetos.uel.br\/praxis\/wp-json\/wp\/v2\/comments?post=1062"}],"version-history":[{"count":6,"href":"https:\/\/projetos.uel.br\/praxis\/wp-json\/wp\/v2\/pages\/1062\/revisions"}],"predecessor-version":[{"id":1174,"href":"https:\/\/projetos.uel.br\/praxis\/wp-json\/wp\/v2\/pages\/1062\/revisions\/1174"}],"wp:attachment":[{"href":"https:\/\/projetos.uel.br\/praxis\/wp-json\/wp\/v2\/media?parent=1062"}],"curies":[{"name":"wp","href":"https:\/\/api.w.org\/{rel}","templated":true}]}}