{"id":531,"date":"2025-07-25T14:54:20","date_gmt":"2025-07-25T17:54:20","guid":{"rendered":"https:\/\/projetos.uel.br\/ontemehoje\/?page_id=531"},"modified":"2025-09-17T16:51:45","modified_gmt":"2025-09-17T19:51:45","slug":"o-projeto","status":"publish","type":"page","link":"https:\/\/projetos.uel.br\/ontemehoje\/o-projeto\/","title":{"rendered":"O Projeto"},"content":{"rendered":"\n<p style=\"text-align: justify;\">A ideia deste projeto surgiu a partir do encontro de dois trabalhos anteriores: um deles, a pesquisa do Prof. Paulo C\u00e9sar Boni, que resultou na publica\u00e7\u00e3o do livro \u201cTransforma\u00e7\u00f5es urbanas: a Londrina da d\u00e9cada de 1950 pelas fotografias de Oswaldo Leite\u201d. O segundo projeto foi desenvolvido em 2017, na Universidade do Oeste Paulista (Unoeste), quando alunos e professores, entre eles os docentes Maria Luisa Hoffmann e Roberto Mancuzo, receberam um acervo fotogr\u00e1fico da cidade de Presidente Prudente, e recriaram as fotografias de d\u00e9cadas anteriores, tomadas pelo fot\u00f3grafo Massuo Aoki. Diante do acervo de Oswaldo Leite, que conta com aproximadamente 20 mil imagens, os professores elaboraram um novo projeto, para recriar as imagens das d\u00e9cadas de 1950 a 1980, da cidade de Londrina. Alunos dos cursos de jornalismo aceitaram o desafio e, organizados em grupos, fizeram as reprodu\u00e7\u00f5es. O projeto contou tamb\u00e9m com a participa\u00e7\u00e3o do Prof. Paulo C\u00e9sar Boni, essencial para a identifica\u00e7\u00e3o dos locais e an\u00e1lise de imagens selecionadas e produzidas, assim como do Jornalista C\u00e9lio Costa, que reproduziu fotografias a\u00e9reas de Oswaldo Leite com o uso de drone.\n<\/p>\n\n\n\n<p style=\"text-align: justify;\">A metodologia escolhida foi a \u201crevisita hist\u00f3rico-iconogr\u00e1fica\u201d, que consiste na visita\u00e7\u00e3o, em tempos atuais, a um local fotografado em tempos passados. Para a coleta de dados, alunos e professores buscaram por imagens no acervo, que pertence \u00e0 Prefeitura do Munic\u00edpio de Londrina e est\u00e1 em regime de comodato no Museu Hist\u00f3rico Padre Carlos Weiss, al\u00e9m de entrevistas com fontes prim\u00e1rias, levantamento documental e pesquisa bibliogr\u00e1fica.\n<\/p>\n\n\n\n<p style=\"text-align: justify;\">O site foi idealizado pelos participantes do projeto de extens\u00e3o e desenvolvido pelo aluno Bruno Massaru Futata Kato do Projeto de Ensino \u201cAplica\u00e7\u00e3o de T\u00e9cnicas de Gerenciamento de projetos em TIC\u201d, coordenado pelo Prof. F\u00e1bio Sakuray, docente do curso de Ci\u00eancia da Computa\u00e7\u00e3o.  \n<\/p>\n\n\n\n<p style=\"text-align: justify;\">O projeto justifica-se pela import\u00e2ncia da recupera\u00e7\u00e3o fotogr\u00e1fica de Londrina, pela consequente preserva\u00e7\u00e3o da mem\u00f3ria e pela investiga\u00e7\u00e3o da hist\u00f3ria e da paisagem urbana no per\u00edodo destacado assim como no per\u00edodo atual, com a identifica\u00e7\u00e3o das transforma\u00e7\u00f5es urban\u00edsticas da cidade. Outro aspecto a ser considerado \u00e9 a consolida\u00e7\u00e3o do uso das imagens fotogr\u00e1ficas e da fotodocumenta\u00e7\u00e3o como fonte de informa\u00e7\u00e3o e instrumento para a divulga\u00e7\u00e3o de conhecimentos \u00e0 sociedade, e sua consequente democratiza\u00e7\u00e3o.\n<\/p>\n\n\n\n<p><\/p>\n","protected":false},"excerpt":{"rendered":"<p>A ideia deste projeto surgiu a partir do encontro de dois trabalhos anteriores: um deles, a pesquisa do Prof. Paulo C\u00e9sar Boni, que resultou na publica\u00e7\u00e3o do livro \u201cTransforma\u00e7\u00f5es urbanas: a Londrina da d\u00e9cada de 1950 pelas fotografias de Oswaldo Leite\u201d. O segundo projeto foi desenvolvido em 2017, na Universidade do Oeste Paulista (Unoeste), quando [&hellip;]<\/p>\n","protected":false},"author":10,"featured_media":0,"parent":0,"menu_order":0,"comment_status":"closed","ping_status":"closed","template":"","meta":{"_acf_changed":false,"footnotes":""},"class_list":["post-531","page","type-page","status-publish","hentry"],"acf":[],"_links":{"self":[{"href":"https:\/\/projetos.uel.br\/ontemehoje\/wp-json\/wp\/v2\/pages\/531","targetHints":{"allow":["GET"]}}],"collection":[{"href":"https:\/\/projetos.uel.br\/ontemehoje\/wp-json\/wp\/v2\/pages"}],"about":[{"href":"https:\/\/projetos.uel.br\/ontemehoje\/wp-json\/wp\/v2\/types\/page"}],"author":[{"embeddable":true,"href":"https:\/\/projetos.uel.br\/ontemehoje\/wp-json\/wp\/v2\/users\/10"}],"replies":[{"embeddable":true,"href":"https:\/\/projetos.uel.br\/ontemehoje\/wp-json\/wp\/v2\/comments?post=531"}],"version-history":[{"count":10,"href":"https:\/\/projetos.uel.br\/ontemehoje\/wp-json\/wp\/v2\/pages\/531\/revisions"}],"predecessor-version":[{"id":1171,"href":"https:\/\/projetos.uel.br\/ontemehoje\/wp-json\/wp\/v2\/pages\/531\/revisions\/1171"}],"wp:attachment":[{"href":"https:\/\/projetos.uel.br\/ontemehoje\/wp-json\/wp\/v2\/media?parent=531"}],"curies":[{"name":"wp","href":"https:\/\/api.w.org\/{rel}","templated":true}]}}