{"id":111,"date":"2025-08-28T15:49:59","date_gmt":"2025-08-28T18:49:59","guid":{"rendered":"https:\/\/projetos.uel.br\/espanhol-no-vestibular\/?page_id=111"},"modified":"2025-08-28T15:55:41","modified_gmt":"2025-08-28T18:55:41","slug":"novidades-e-links","status":"publish","type":"page","link":"https:\/\/projetos.uel.br\/espanhol-no-vestibular\/novidades-e-links\/","title":{"rendered":"Novidades"},"content":{"rendered":"\n<p>Voc\u00ea ter\u00e1 acesso a artigos curtos, atualiza\u00e7\u00f5es sobre o vestibular, mudan\u00e7as no edital, not\u00edcias relevantes.<\/p>\n\n\n\n<p><\/p>\n","protected":false},"excerpt":{"rendered":"<p>Voc\u00ea ter\u00e1 acesso a artigos curtos, atualiza\u00e7\u00f5es sobre o vestibular, mudan\u00e7as no edital, not\u00edcias relevantes.<\/p>\n","protected":false},"author":6,"featured_media":0,"parent":0,"menu_order":0,"comment_status":"closed","ping_status":"closed","template":"","meta":{"_acf_changed":false,"_themeisle_gutenberg_block_has_review":false,"footnotes":""},"class_list":["post-111","page","type-page","status-publish","hentry"],"acf":[],"_links":{"self":[{"href":"https:\/\/projetos.uel.br\/espanhol-no-vestibular\/wp-json\/wp\/v2\/pages\/111","targetHints":{"allow":["GET"]}}],"collection":[{"href":"https:\/\/projetos.uel.br\/espanhol-no-vestibular\/wp-json\/wp\/v2\/pages"}],"about":[{"href":"https:\/\/projetos.uel.br\/espanhol-no-vestibular\/wp-json\/wp\/v2\/types\/page"}],"author":[{"embeddable":true,"href":"https:\/\/projetos.uel.br\/espanhol-no-vestibular\/wp-json\/wp\/v2\/users\/6"}],"replies":[{"embeddable":true,"href":"https:\/\/projetos.uel.br\/espanhol-no-vestibular\/wp-json\/wp\/v2\/comments?post=111"}],"version-history":[{"count":4,"href":"https:\/\/projetos.uel.br\/espanhol-no-vestibular\/wp-json\/wp\/v2\/pages\/111\/revisions"}],"predecessor-version":[{"id":120,"href":"https:\/\/projetos.uel.br\/espanhol-no-vestibular\/wp-json\/wp\/v2\/pages\/111\/revisions\/120"}],"wp:attachment":[{"href":"https:\/\/projetos.uel.br\/espanhol-no-vestibular\/wp-json\/wp\/v2\/media?parent=111"}],"curies":[{"name":"wp","href":"https:\/\/api.w.org\/{rel}","templated":true}]}}