{"id":105,"date":"2025-08-28T15:47:14","date_gmt":"2025-08-28T18:47:14","guid":{"rendered":"https:\/\/projetos.uel.br\/espanhol-no-vestibular\/?page_id=105"},"modified":"2025-08-28T15:47:15","modified_gmt":"2025-08-28T18:47:15","slug":"simulados","status":"publish","type":"page","link":"https:\/\/projetos.uel.br\/espanhol-no-vestibular\/simulados\/","title":{"rendered":"Simulados"},"content":{"rendered":"\n<p>Voc\u00ea ter\u00e1 acesso a simulados anteriores, simulados online, cronograma de aplica\u00e7\u00e3o e gabaritos.<\/p>\n","protected":false},"excerpt":{"rendered":"<p>Voc\u00ea ter\u00e1 acesso a simulados anteriores, simulados online, cronograma de aplica\u00e7\u00e3o e gabaritos.<\/p>\n","protected":false},"author":6,"featured_media":0,"parent":0,"menu_order":0,"comment_status":"closed","ping_status":"closed","template":"","meta":{"_acf_changed":false,"_themeisle_gutenberg_block_has_review":false,"footnotes":""},"class_list":["post-105","page","type-page","status-publish","hentry"],"acf":[],"_links":{"self":[{"href":"https:\/\/projetos.uel.br\/espanhol-no-vestibular\/wp-json\/wp\/v2\/pages\/105","targetHints":{"allow":["GET"]}}],"collection":[{"href":"https:\/\/projetos.uel.br\/espanhol-no-vestibular\/wp-json\/wp\/v2\/pages"}],"about":[{"href":"https:\/\/projetos.uel.br\/espanhol-no-vestibular\/wp-json\/wp\/v2\/types\/page"}],"author":[{"embeddable":true,"href":"https:\/\/projetos.uel.br\/espanhol-no-vestibular\/wp-json\/wp\/v2\/users\/6"}],"replies":[{"embeddable":true,"href":"https:\/\/projetos.uel.br\/espanhol-no-vestibular\/wp-json\/wp\/v2\/comments?post=105"}],"version-history":[{"count":1,"href":"https:\/\/projetos.uel.br\/espanhol-no-vestibular\/wp-json\/wp\/v2\/pages\/105\/revisions"}],"predecessor-version":[{"id":106,"href":"https:\/\/projetos.uel.br\/espanhol-no-vestibular\/wp-json\/wp\/v2\/pages\/105\/revisions\/106"}],"wp:attachment":[{"href":"https:\/\/projetos.uel.br\/espanhol-no-vestibular\/wp-json\/wp\/v2\/media?parent=105"}],"curies":[{"name":"wp","href":"https:\/\/api.w.org\/{rel}","templated":true}]}}