{"id":62,"date":"2025-02-10T19:50:34","date_gmt":"2025-02-10T22:50:34","guid":{"rendered":"https:\/\/projetos.uel.br\/disque-gramatica\/?page_id=62"},"modified":"2025-02-10T23:32:33","modified_gmt":"2025-02-11T02:32:33","slug":"acervo","status":"publish","type":"page","link":"https:\/\/projetos.uel.br\/disque-gramatica\/acervo\/","title":{"rendered":"Acervo"},"content":{"rendered":"\n<h2 class=\"wp-block-heading\"><\/h2>\n\n\n\n<p>Neste acervo, est\u00e3o dispon\u00edveis diferentes recursos que ajudam a contar a hist\u00f3ria do <strong>Disque-Gram\u00e1tica<\/strong>, al\u00e9m de servirem como relevantes fontes de consulta para a comunidade atendida por suas a\u00e7\u00f5es extensionistas.<\/p>\n\n\n\n<p>S\u00e3o publica\u00e7\u00f5es cient\u00edficas, registros de programas de r\u00e1dio j\u00e1 veiculados, fotografias, <em>links <\/em>de p\u00e1ginas relacionadas a conte\u00fados lingu\u00edsticos\/gramaticais, entre outros.<\/p>\n","protected":false},"excerpt":{"rendered":"<p>Neste acervo, est\u00e3o dispon\u00edveis diferentes recursos que ajudam a contar a hist\u00f3ria do Disque-Gram\u00e1tica, al\u00e9m de servirem como relevantes fontes de consulta para a comunidade atendida por suas a\u00e7\u00f5es extensionistas. S\u00e3o publica\u00e7\u00f5es cient\u00edficas, registros de programas de r\u00e1dio j\u00e1 veiculados, fotografias, links de p\u00e1ginas relacionadas a conte\u00fados lingu\u00edsticos\/gramaticais, entre outros.<\/p>\n","protected":false},"author":9,"featured_media":0,"parent":0,"menu_order":0,"comment_status":"closed","ping_status":"closed","template":"","meta":{"_acf_changed":false,"footnotes":""},"class_list":["post-62","page","type-page","status-publish","hentry"],"acf":[],"_links":{"self":[{"href":"https:\/\/projetos.uel.br\/disque-gramatica\/wp-json\/wp\/v2\/pages\/62","targetHints":{"allow":["GET"]}}],"collection":[{"href":"https:\/\/projetos.uel.br\/disque-gramatica\/wp-json\/wp\/v2\/pages"}],"about":[{"href":"https:\/\/projetos.uel.br\/disque-gramatica\/wp-json\/wp\/v2\/types\/page"}],"author":[{"embeddable":true,"href":"https:\/\/projetos.uel.br\/disque-gramatica\/wp-json\/wp\/v2\/users\/9"}],"replies":[{"embeddable":true,"href":"https:\/\/projetos.uel.br\/disque-gramatica\/wp-json\/wp\/v2\/comments?post=62"}],"version-history":[{"count":4,"href":"https:\/\/projetos.uel.br\/disque-gramatica\/wp-json\/wp\/v2\/pages\/62\/revisions"}],"predecessor-version":[{"id":130,"href":"https:\/\/projetos.uel.br\/disque-gramatica\/wp-json\/wp\/v2\/pages\/62\/revisions\/130"}],"wp:attachment":[{"href":"https:\/\/projetos.uel.br\/disque-gramatica\/wp-json\/wp\/v2\/media?parent=62"}],"curies":[{"name":"wp","href":"https:\/\/api.w.org\/{rel}","templated":true}]}}