{"id":60,"date":"2025-02-10T19:49:54","date_gmt":"2025-02-10T22:49:54","guid":{"rendered":"https:\/\/projetos.uel.br\/disque-gramatica\/?page_id=60"},"modified":"2025-02-10T23:32:10","modified_gmt":"2025-02-11T02:32:10","slug":"equipe","status":"publish","type":"page","link":"https:\/\/projetos.uel.br\/disque-gramatica\/equipe\/","title":{"rendered":"Equipe"},"content":{"rendered":"\n<h2 class=\"wp-block-heading\"><\/h2>\n\n\n\n<p>A equipe do <strong>Disque-Gram\u00e1tica<\/strong>, em conson\u00e2ncia com sua articula\u00e7\u00e3o com o ensino, associado \u00e0 extens\u00e3o e \u00e0 pesquisa, \u00e9 constitu\u00edda por docentes e discentes vinculados ao Curso de Letras &#8211; Portugu\u00eas da Universidade Estadual de Londrina.<\/p>\n\n\n\n<p>H\u00e1 tr\u00eas d\u00e9cadas, diferentes professores estiveram \u00e0 frente de suas a\u00e7\u00f5es, coordenando a atua\u00e7\u00e3o de, certamente, centenas de alunos colaboradores.<\/p>\n","protected":false},"excerpt":{"rendered":"<p>A equipe do Disque-Gram\u00e1tica, em conson\u00e2ncia com sua articula\u00e7\u00e3o com o ensino, associado \u00e0 extens\u00e3o e \u00e0 pesquisa, \u00e9 constitu\u00edda por docentes e discentes vinculados ao Curso de Letras &#8211; Portugu\u00eas da Universidade Estadual de Londrina. H\u00e1 tr\u00eas d\u00e9cadas, diferentes professores estiveram \u00e0 frente de suas a\u00e7\u00f5es, coordenando a atua\u00e7\u00e3o de, certamente, centenas de alunos [&hellip;]<\/p>\n","protected":false},"author":9,"featured_media":0,"parent":0,"menu_order":0,"comment_status":"closed","ping_status":"closed","template":"","meta":{"_acf_changed":false,"footnotes":""},"class_list":["post-60","page","type-page","status-publish","hentry"],"acf":[],"_links":{"self":[{"href":"https:\/\/projetos.uel.br\/disque-gramatica\/wp-json\/wp\/v2\/pages\/60","targetHints":{"allow":["GET"]}}],"collection":[{"href":"https:\/\/projetos.uel.br\/disque-gramatica\/wp-json\/wp\/v2\/pages"}],"about":[{"href":"https:\/\/projetos.uel.br\/disque-gramatica\/wp-json\/wp\/v2\/types\/page"}],"author":[{"embeddable":true,"href":"https:\/\/projetos.uel.br\/disque-gramatica\/wp-json\/wp\/v2\/users\/9"}],"replies":[{"embeddable":true,"href":"https:\/\/projetos.uel.br\/disque-gramatica\/wp-json\/wp\/v2\/comments?post=60"}],"version-history":[{"count":5,"href":"https:\/\/projetos.uel.br\/disque-gramatica\/wp-json\/wp\/v2\/pages\/60\/revisions"}],"predecessor-version":[{"id":129,"href":"https:\/\/projetos.uel.br\/disque-gramatica\/wp-json\/wp\/v2\/pages\/60\/revisions\/129"}],"wp:attachment":[{"href":"https:\/\/projetos.uel.br\/disque-gramatica\/wp-json\/wp\/v2\/media?parent=60"}],"curies":[{"name":"wp","href":"https:\/\/api.w.org\/{rel}","templated":true}]}}