{"id":14,"date":"2024-09-26T14:53:07","date_gmt":"2024-09-26T17:53:07","guid":{"rendered":"https:\/\/projetos.uel.br\/disque-gramatica\/?page_id=14"},"modified":"2025-07-01T23:18:27","modified_gmt":"2025-07-02T02:18:27","slug":"apresentacao","status":"publish","type":"page","link":"https:\/\/projetos.uel.br\/disque-gramatica\/apresentacao\/","title":{"rendered":"Apresenta\u00e7\u00e3o"},"content":{"rendered":"\n<p><\/p>\n\n\n\n<h2 class=\"wp-block-heading\"><\/h2>\n\n\n\n<div class=\"wp-block-columns is-layout-flex wp-container-core-columns-is-layout-9d6595d7 wp-block-columns-is-layout-flex\">\n<div class=\"wp-block-column is-layout-flow wp-block-column-is-layout-flow\" style=\"flex-basis:66.66%\">\n<p>Em seus 30 anos de exist\u00eancia (e resist\u00eancia), o <strong>Disque-Gram\u00e1tica<\/strong> tem muito a comemorar: ele ensina, tira d\u00favidas, educa, questiona e incentiva a pesquisa. S\u00e3o 30 anos cumprindo uma miss\u00e3o que foi projetada em 1995 pelo saudoso Professor Joaquim Carvalho da Silva.<\/p>\n\n\n\n<p>Este Programa de Extens\u00e3o faz parte dos projetos do Departamento de Letras Vern\u00e1culas e Cl\u00e1ssicas, do Centro de Letras e Ci\u00eancias Humanas, da Universidade Estadual de Londrina, e congrega docentes e estudantes do Curso de Letras &#8211; Portugu\u00eas.&nbsp;<\/p>\n\n\n\n<p>A maioria dos questionamentos que chegam ao Disque-Gram\u00e1tica, vindos de pessoas de diferentes n\u00edveis culturais e diferentes regi\u00f5es, representam d\u00favidas raramente discutidas nos bancos escolares. S\u00e3o temas apresentados em manuais gramaticais da norma-padr\u00e3o, por\u00e9m pouco debatidos em sala de aula.&nbsp;<\/p>\n\n\n\n<p>Nosso objetivo \u00e9 sanar as d\u00favidas que as pessoas encontram na express\u00e3o corrente da L\u00edngua Portuguesa, por meio de diferentes canais de atendimento, al\u00e9m de promover diferentes a\u00e7\u00f5es no \u00e2mbito extensionista.<\/p>\n\n\n\n<p>Aguardamos seu contato!<\/p>\n<\/div>\n\n\n\n<div class=\"wp-block-column is-layout-flow wp-block-column-is-layout-flow\" style=\"flex-basis:33.33%\">\n<figure class=\"wp-block-image size-full\"><img loading=\"lazy\" decoding=\"async\" width=\"2560\" height=\"2560\" src=\"https:\/\/projetos.uel.br\/disque-gramatica\/wp-content\/uploads\/2025\/07\/Logo-Disque-Gramatica_vertical-fundos-claros-roxo-3d-scaled.png\" alt=\"\" class=\"wp-image-144\" srcset=\"https:\/\/projetos.uel.br\/disque-gramatica\/wp-content\/uploads\/2025\/07\/Logo-Disque-Gramatica_vertical-fundos-claros-roxo-3d-scaled.png 2560w, https:\/\/projetos.uel.br\/disque-gramatica\/wp-content\/uploads\/2025\/07\/Logo-Disque-Gramatica_vertical-fundos-claros-roxo-3d-300x300.png 300w, https:\/\/projetos.uel.br\/disque-gramatica\/wp-content\/uploads\/2025\/07\/Logo-Disque-Gramatica_vertical-fundos-claros-roxo-3d-1024x1024.png 1024w, https:\/\/projetos.uel.br\/disque-gramatica\/wp-content\/uploads\/2025\/07\/Logo-Disque-Gramatica_vertical-fundos-claros-roxo-3d-150x150.png 150w, https:\/\/projetos.uel.br\/disque-gramatica\/wp-content\/uploads\/2025\/07\/Logo-Disque-Gramatica_vertical-fundos-claros-roxo-3d-768x768.png 768w, https:\/\/projetos.uel.br\/disque-gramatica\/wp-content\/uploads\/2025\/07\/Logo-Disque-Gramatica_vertical-fundos-claros-roxo-3d-1536x1536.png 1536w, https:\/\/projetos.uel.br\/disque-gramatica\/wp-content\/uploads\/2025\/07\/Logo-Disque-Gramatica_vertical-fundos-claros-roxo-3d-2048x2048.png 2048w\" sizes=\"auto, (max-width: 2560px) 100vw, 2560px\" \/><\/figure>\n<\/div>\n<\/div>\n","protected":false},"excerpt":{"rendered":"<p>Em seus 30 anos de exist\u00eancia (e resist\u00eancia), o Disque-Gram\u00e1tica tem muito a comemorar: ele ensina, tira d\u00favidas, educa, questiona e incentiva a pesquisa. S\u00e3o 30 anos cumprindo uma miss\u00e3o que foi projetada em 1995 pelo saudoso Professor Joaquim Carvalho da Silva. Este Programa de Extens\u00e3o faz parte dos projetos do Departamento de Letras Vern\u00e1culas [&hellip;]<\/p>\n","protected":false},"author":9,"featured_media":0,"parent":0,"menu_order":0,"comment_status":"closed","ping_status":"closed","template":"","meta":{"_acf_changed":false,"footnotes":""},"class_list":["post-14","page","type-page","status-publish","hentry"],"acf":[],"_links":{"self":[{"href":"https:\/\/projetos.uel.br\/disque-gramatica\/wp-json\/wp\/v2\/pages\/14","targetHints":{"allow":["GET"]}}],"collection":[{"href":"https:\/\/projetos.uel.br\/disque-gramatica\/wp-json\/wp\/v2\/pages"}],"about":[{"href":"https:\/\/projetos.uel.br\/disque-gramatica\/wp-json\/wp\/v2\/types\/page"}],"author":[{"embeddable":true,"href":"https:\/\/projetos.uel.br\/disque-gramatica\/wp-json\/wp\/v2\/users\/9"}],"replies":[{"embeddable":true,"href":"https:\/\/projetos.uel.br\/disque-gramatica\/wp-json\/wp\/v2\/comments?post=14"}],"version-history":[{"count":4,"href":"https:\/\/projetos.uel.br\/disque-gramatica\/wp-json\/wp\/v2\/pages\/14\/revisions"}],"predecessor-version":[{"id":146,"href":"https:\/\/projetos.uel.br\/disque-gramatica\/wp-json\/wp\/v2\/pages\/14\/revisions\/146"}],"wp:attachment":[{"href":"https:\/\/projetos.uel.br\/disque-gramatica\/wp-json\/wp\/v2\/media?parent=14"}],"curies":[{"name":"wp","href":"https:\/\/api.w.org\/{rel}","templated":true}]}}