{"id":11,"date":"2024-09-16T16:23:51","date_gmt":"2024-09-16T19:23:51","guid":{"rendered":"https:\/\/projetos.uel.br\/disque-gramatica\/posts\/"},"modified":"2025-05-04T16:08:05","modified_gmt":"2025-05-04T19:08:05","slug":"duvidas","status":"publish","type":"page","link":"https:\/\/projetos.uel.br\/disque-gramatica\/duvidas\/","title":{"rendered":"Qual \u00e9 a sua d\u00favida?"},"content":{"rendered":"\n<h2 class=\"wp-block-heading\"><\/h2>\n\n\n\n<p>Os atendimentos voltados \u00e0 solu\u00e7\u00e3o de d\u00favidas pela equipe do <strong>Disque-Gram\u00e1tica<\/strong> acontecem, hoje, pelos seguintes canais:<\/p>\n\n\n\n<div class=\"wp-block-columns is-layout-flex wp-container-core-columns-is-layout-9d6595d7 wp-block-columns-is-layout-flex\">\n<div class=\"wp-block-column is-layout-flow wp-block-column-is-layout-flow\">\n<div class=\"wp-block-columns is-layout-flex wp-container-core-columns-is-layout-9d6595d7 wp-block-columns-is-layout-flex\">\n<div class=\"wp-block-column is-layout-flow wp-block-column-is-layout-flow\"><div class=\"wp-block-image\">\n<figure class=\"aligncenter size-large is-resized\"><img decoding=\"async\" src=\"https:\/\/img.freepik.com\/premium-vector\/phone-call-icon-vector-illustration-design-telephone_373520-4523.jpg\" alt=\"\" style=\"width:94px;height:auto\" \/><\/figure>\n<\/div>\n\n\n<p class=\"has-text-align-center\">(43) 3371-4619*<\/p>\n<\/div>\n\n\n\n<div class=\"wp-block-column is-layout-flow wp-block-column-is-layout-flow\"><div class=\"wp-block-image\">\n<figure class=\"aligncenter size-large is-resized\"><img decoding=\"async\" src=\"https:\/\/img.freepik.com\/premium-vector\/whatsapp-icon_951020-48.jpg\" alt=\"\" style=\"width:94px;height:auto\" \/><\/figure>\n<\/div>\n\n\n<p class=\"has-text-align-center\">(43) 3371-4619<\/p>\n<\/div>\n\n\n\n<div class=\"wp-block-column is-layout-flow wp-block-column-is-layout-flow\"><div class=\"wp-block-image\">\n<figure class=\"aligncenter size-large is-resized\"><img decoding=\"async\" src=\"https:\/\/img.freepik.com\/premium-vector\/email-vector-icon_923982-722.jpg?w=360\" alt=\"\" style=\"width:94px;height:auto\" \/><\/figure>\n<\/div>\n\n\n<p class=\"has-text-align-center\">disque-gramatica@uel.br   <\/p>\n<\/div>\n<\/div>\n<\/div>\n<\/div>\n\n\n\n<p>Al\u00e9m disso, conte\u00fados produzidos pela equipe podem ser acompanhados em seus perfis nas redes sociais:<\/p>\n\n\n\n<div class=\"wp-block-columns is-layout-flex wp-container-core-columns-is-layout-9d6595d7 wp-block-columns-is-layout-flex\">\n<div class=\"wp-block-column is-layout-flow wp-block-column-is-layout-flow\"><div class=\"wp-block-image\">\n<figure class=\"aligncenter size-large is-resized\"><a href=\"https:\/\/www.instagram.com\/disquegramatica\/\" target=\"_blank\" rel=\" noreferrer noopener\"><img decoding=\"async\" src=\"https:\/\/img.freepik.com\/premium-vector\/camera-icon-social-media-sign-icon-instagram-logo-camera-symbol-vector-illustration_833685-856.jpg?semt=ais_hybrid\" alt=\"\" style=\"width:107px;height:auto\" \/><\/a><\/figure>\n<\/div><\/div>\n\n\n\n<div class=\"wp-block-column is-layout-flow wp-block-column-is-layout-flow\"><div class=\"wp-block-image\">\n<figure class=\"aligncenter size-large is-resized\"><a href=\"https:\/\/www.facebook.com\/profile.php?id=61573261130694\" target=\"_blank\" rel=\" noreferrer noopener\"><img decoding=\"async\" src=\"https:\/\/i.pinimg.com\/736x\/b8\/d6\/9b\/b8d69bfad379fbc0c7163b08e2928f67.jpg\" alt=\"\" style=\"width:104px;height:auto\" \/><\/a><\/figure>\n<\/div><\/div>\n\n\n\n<div class=\"wp-block-column is-layout-flow wp-block-column-is-layout-flow\"><\/div>\n<\/div>\n\n\n\n<div class=\"wp-block-group is-vertical is-layout-flex wp-container-core-group-is-layout-8cf370e7 wp-block-group-is-layout-flex\">\n<p class=\"has-text-align-center\"><\/p>\n\n\n\n<p class=\"has-text-align-center\"><\/p>\n\n\n\n<p><\/p>\n<\/div>\n\n\n\n<p class=\"has-text-align-right\"><sub>* O atendimento s\u00edncrono via telefone est\u00e1 condicionado \u00e0 perman\u00eancia da equipe na sala do projeto em hor\u00e1rios espec\u00edficos a serem informados em breve.<\/sub><\/p>\n\n\n\n<p><\/p>\n","protected":false},"excerpt":{"rendered":"<p>Os atendimentos voltados \u00e0 solu\u00e7\u00e3o de d\u00favidas pela equipe do Disque-Gram\u00e1tica acontecem, hoje, pelos seguintes canais: (43) 3371-4619* (43) 3371-4619 disque-gramatica@uel.br Al\u00e9m disso, conte\u00fados produzidos pela equipe podem ser acompanhados em seus perfis nas redes sociais: * O atendimento s\u00edncrono via telefone est\u00e1 condicionado \u00e0 perman\u00eancia da equipe na sala do projeto em hor\u00e1rios espec\u00edficos [&hellip;]<\/p>\n","protected":false},"author":1,"featured_media":0,"parent":0,"menu_order":0,"comment_status":"closed","ping_status":"closed","template":"","meta":{"_acf_changed":false,"footnotes":""},"class_list":["post-11","page","type-page","status-publish","hentry"],"acf":[],"_links":{"self":[{"href":"https:\/\/projetos.uel.br\/disque-gramatica\/wp-json\/wp\/v2\/pages\/11","targetHints":{"allow":["GET"]}}],"collection":[{"href":"https:\/\/projetos.uel.br\/disque-gramatica\/wp-json\/wp\/v2\/pages"}],"about":[{"href":"https:\/\/projetos.uel.br\/disque-gramatica\/wp-json\/wp\/v2\/types\/page"}],"author":[{"embeddable":true,"href":"https:\/\/projetos.uel.br\/disque-gramatica\/wp-json\/wp\/v2\/users\/1"}],"replies":[{"embeddable":true,"href":"https:\/\/projetos.uel.br\/disque-gramatica\/wp-json\/wp\/v2\/comments?post=11"}],"version-history":[{"count":9,"href":"https:\/\/projetos.uel.br\/disque-gramatica\/wp-json\/wp\/v2\/pages\/11\/revisions"}],"predecessor-version":[{"id":142,"href":"https:\/\/projetos.uel.br\/disque-gramatica\/wp-json\/wp\/v2\/pages\/11\/revisions\/142"}],"wp:attachment":[{"href":"https:\/\/projetos.uel.br\/disque-gramatica\/wp-json\/wp\/v2\/media?parent=11"}],"curies":[{"name":"wp","href":"https:\/\/api.w.org\/{rel}","templated":true}]}}