{"id":104,"date":"2025-02-10T23:10:25","date_gmt":"2025-02-11T02:10:25","guid":{"rendered":"https:\/\/projetos.uel.br\/disque-gramatica\/?page_id=104"},"modified":"2025-02-10T23:10:25","modified_gmt":"2025-02-11T02:10:25","slug":"publicacoes-cientificas","status":"publish","type":"page","link":"https:\/\/projetos.uel.br\/disque-gramatica\/publicacoes-cientificas\/","title":{"rendered":"Publica\u00e7\u00f5es cient\u00edficas"},"content":{"rendered":"\n<h2 class=\"wp-block-heading\"><\/h2>\n\n\n\n<p>Em constru\u00e7\u00e3o.<\/p>\n","protected":false},"excerpt":{"rendered":"<p>Em constru\u00e7\u00e3o.<\/p>\n","protected":false},"author":9,"featured_media":0,"parent":0,"menu_order":0,"comment_status":"closed","ping_status":"closed","template":"","meta":{"_acf_changed":false,"footnotes":""},"class_list":["post-104","page","type-page","status-publish","hentry"],"acf":[],"_links":{"self":[{"href":"https:\/\/projetos.uel.br\/disque-gramatica\/wp-json\/wp\/v2\/pages\/104","targetHints":{"allow":["GET"]}}],"collection":[{"href":"https:\/\/projetos.uel.br\/disque-gramatica\/wp-json\/wp\/v2\/pages"}],"about":[{"href":"https:\/\/projetos.uel.br\/disque-gramatica\/wp-json\/wp\/v2\/types\/page"}],"author":[{"embeddable":true,"href":"https:\/\/projetos.uel.br\/disque-gramatica\/wp-json\/wp\/v2\/users\/9"}],"replies":[{"embeddable":true,"href":"https:\/\/projetos.uel.br\/disque-gramatica\/wp-json\/wp\/v2\/comments?post=104"}],"version-history":[{"count":1,"href":"https:\/\/projetos.uel.br\/disque-gramatica\/wp-json\/wp\/v2\/pages\/104\/revisions"}],"predecessor-version":[{"id":105,"href":"https:\/\/projetos.uel.br\/disque-gramatica\/wp-json\/wp\/v2\/pages\/104\/revisions\/105"}],"wp:attachment":[{"href":"https:\/\/projetos.uel.br\/disque-gramatica\/wp-json\/wp\/v2\/media?parent=104"}],"curies":[{"name":"wp","href":"https:\/\/api.w.org\/{rel}","templated":true}]}}