{"id":94,"date":"2024-11-08T11:00:48","date_gmt":"2024-11-08T14:00:48","guid":{"rendered":"https:\/\/projetos.uel.br\/casalefamilia\/?page_id=94"},"modified":"2024-11-08T11:25:06","modified_gmt":"2024-11-08T14:25:06","slug":"como-ser-atendido","status":"publish","type":"page","link":"https:\/\/projetos.uel.br\/casalefamilia\/como-ser-atendido\/","title":{"rendered":"Como ser atendido"},"content":{"rendered":"\n<p><\/p>\n\n\n\n<div class=\"wp-block-media-text is-stacked-on-mobile is-style-rounded\" style=\"grid-template-columns:22% auto\"><figure class=\"wp-block-media-text__media\"><img loading=\"lazy\" decoding=\"async\" width=\"300\" height=\"225\" src=\"https:\/\/projetos.uel.br\/casalefamilia\/wp-content\/uploads\/2024\/11\/IMG547-300x225.jpg\" alt=\"\" class=\"wp-image-100 size-full\" srcset=\"https:\/\/projetos.uel.br\/casalefamilia\/wp-content\/uploads\/2024\/11\/IMG547-300x225.jpg 300w, https:\/\/projetos.uel.br\/casalefamilia\/wp-content\/uploads\/2024\/11\/IMG547-1024x768.jpg 1024w, https:\/\/projetos.uel.br\/casalefamilia\/wp-content\/uploads\/2024\/11\/IMG547-768x576.jpg 768w, https:\/\/projetos.uel.br\/casalefamilia\/wp-content\/uploads\/2024\/11\/IMG547-1536x1152.jpg 1536w, https:\/\/projetos.uel.br\/casalefamilia\/wp-content\/uploads\/2024\/11\/IMG547.jpg 2048w\" sizes=\"auto, (max-width: 300px) 100vw, 300px\" \/><\/figure><div class=\"wp-block-media-text__content\">\n<p>A psicoterapia de casal e fam\u00edlia \u00e9 oferecida pelo projeto de extens\u00e3o em vig\u00eancia, com atendimentos sendo realizados por colaboradores (estudantes de Psicologia e psic\u00f3logos j\u00e1 graduados) na <a href=\"https:\/\/www.uel.br\/clinicapsicologica\/\">Cl\u00ednica Psicol\u00f3gica da UEL<\/a>. Casais e fam\u00edlias interessados em se inscrever na lista de espera da psicoterapia devem entrar em contato com a Cl\u00ednica Psicol\u00f3gica, por meio do telefone (43) 33714237.<\/p>\n<\/div><\/div>\n","protected":false},"excerpt":{"rendered":"<p>A psicoterapia de casal e fam\u00edlia \u00e9 oferecida pelo projeto de extens\u00e3o em vig\u00eancia, com atendimentos sendo realizados por colaboradores (estudantes de Psicologia e psic\u00f3logos j\u00e1 graduados) na Cl\u00ednica Psicol\u00f3gica da UEL. Casais e fam\u00edlias interessados em se inscrever na lista de espera da psicoterapia devem entrar em contato com a Cl\u00ednica Psicol\u00f3gica, por meio [&hellip;]<\/p>\n","protected":false},"author":8,"featured_media":0,"parent":0,"menu_order":0,"comment_status":"closed","ping_status":"closed","template":"","meta":{"_acf_changed":false,"footnotes":""},"class_list":["post-94","page","type-page","status-publish","hentry"],"acf":[],"_links":{"self":[{"href":"https:\/\/projetos.uel.br\/casalefamilia\/wp-json\/wp\/v2\/pages\/94","targetHints":{"allow":["GET"]}}],"collection":[{"href":"https:\/\/projetos.uel.br\/casalefamilia\/wp-json\/wp\/v2\/pages"}],"about":[{"href":"https:\/\/projetos.uel.br\/casalefamilia\/wp-json\/wp\/v2\/types\/page"}],"author":[{"embeddable":true,"href":"https:\/\/projetos.uel.br\/casalefamilia\/wp-json\/wp\/v2\/users\/8"}],"replies":[{"embeddable":true,"href":"https:\/\/projetos.uel.br\/casalefamilia\/wp-json\/wp\/v2\/comments?post=94"}],"version-history":[{"count":3,"href":"https:\/\/projetos.uel.br\/casalefamilia\/wp-json\/wp\/v2\/pages\/94\/revisions"}],"predecessor-version":[{"id":102,"href":"https:\/\/projetos.uel.br\/casalefamilia\/wp-json\/wp\/v2\/pages\/94\/revisions\/102"}],"wp:attachment":[{"href":"https:\/\/projetos.uel.br\/casalefamilia\/wp-json\/wp\/v2\/media?parent=94"}],"curies":[{"name":"wp","href":"https:\/\/api.w.org\/{rel}","templated":true}]}}