{"id":74,"date":"2024-11-07T15:07:56","date_gmt":"2024-11-07T18:07:56","guid":{"rendered":"https:\/\/projetos.uel.br\/casalefamilia\/?page_id=74"},"modified":"2026-02-13T14:28:50","modified_gmt":"2026-02-13T17:28:50","slug":"pesquisas","status":"publish","type":"page","link":"https:\/\/projetos.uel.br\/casalefamilia\/pesquisas\/","title":{"rendered":"Pesquisas"},"content":{"rendered":"\n<p><strong>Pesquisas conclu\u00eddas<\/strong><\/p>\n\n\n\n<p><em><strong>Doutorado<\/strong><\/em><\/p>\n\n\n\n<ul class=\"wp-block-list\">\n<li><\/li>\n<\/ul>\n\n\n\n<p><em><strong>Mestrado<\/strong><\/em><\/p>\n\n\n\n<ul class=\"wp-block-list\">\n<li><a href=\"http:\/\/lattes.cnpq.br\/2810519750602332\">Marisa de C\u00e1ssia Domingues Subtil de Almeida<\/a>. Psicoterapia de casal e fam\u00edlia: a percep\u00e7\u00e3o de ex-pacientes numa investiga\u00e7\u00e3o de seguimento\/follow-up. 2025. Disserta\u00e7\u00e3o (Mestrado em Psicologia) &#8211; Universidade Estadual de Londrina. Orientadora: Ma\u00edra Bonaf\u00e9 Sei.<\/li>\n\n\n\n<li><a href=\"http:\/\/lattes.cnpq.br\/9025099368100660\">Hellen Lima Buriolla<\/a>. Psicoterapia familiar involunt\u00e1ria: ilustra\u00e7\u00f5es cl\u00ednicas. 2020. Disserta\u00e7\u00e3o (Mestrado em Psicologia) &#8211; Universidade Estadual de Londrina. Orientadora: Ma\u00edra Bonaf\u00e9 Sei.<\/li>\n\n\n\n<li><a href=\"http:\/\/lattes.cnpq.br\/7738035346196853\">Danielle Cerci Mostagi<\/a>. O uso de recursos mediadores na forma\u00e7\u00e3o cl\u00ednica em psicoterapia familiar psicanal\u00edtica: um estudo qualitativo. 2020. Disserta\u00e7\u00e3o (Mestrado em Psicologia) &#8211; Universidade Estadual de Londrina. Orientadora: Ma\u00edra Bonaf\u00e9 Sei.<\/li>\n\n\n\n<li><a href=\"http:\/\/lattes.cnpq.br\/5313558996121323\">Maria Gabriela Montresol Sanches<\/a>. O uso do espa\u00e7ograma como recurso facilitador em terapia familiar psicanal\u00edtica: estudo de casos m\u00faltiplos. 2020. Disserta\u00e7\u00e3o (Mestrado em Psicologia) &#8211; Universidade Estadual de Londrina. Orientadora: Ma\u00edra Bonaf\u00e9 Sei.<\/li>\n<\/ul>\n\n\n\n<p><strong><em>Inicia\u00e7\u00e3o Cient\u00edfica<\/em><\/strong><\/p>\n\n\n\n<ul class=\"wp-block-list\">\n<li><a href=\"http:\/\/lattes.cnpq.br\/2316973017815917\">Rafaela Valentini Ortega Ruiz<\/a>. A percep\u00e7\u00e3o de diab\u00e9ticos e suas fam\u00edlias acerca da doen\u00e7a: reflex\u00f5es a partir do Procedimento de Desenho-Est\u00f3ria com Tema. 2026. Inicia\u00e7\u00e3o cient\u00edfica (Graduando em Psicologia) &#8211; Universidade Estadual de Londrina, Conselho Nacional de Desenvolvimento Cient\u00edfico e Tecnol\u00f3gico. Orientadora: Ma\u00edra Bonaf\u00e9 Sei.<\/li>\n\n\n\n<li><a href=\"http:\/\/lattes.cnpq.br\/5096869791968362\">Nat\u00e1lia Duarte Tinti<\/a>. Maternidade suficientemente boa na contemporaneidade: um estudo qualitativo a partir da psicoterapia de casal e fam\u00edlia. 2025. Inicia\u00e7\u00e3o Cient\u00edfica. (Graduando em Psicologia) &#8211; Universidade Estadual de Londrina, Conselho Nacional de Desenvolvimento Cient\u00edfico e Tecnol\u00f3gico. Orientadora: Ma\u00edra Bonaf\u00e9 Sei.<\/li>\n\n\n\n<li><a href=\"http:\/\/lattes.cnpq.br\/7955135066469406\">Rafaela Aparecida da Costa Luchiari<\/a>. Viv\u00eancias relativas \u00e0 n\u00e3o monogamia: um estudo explorat\u00f3rio. 2025. Inicia\u00e7\u00e3o Cient\u00edfica. (Graduando em Psicologia) &#8211; Universidade Estadual de Londrina, Conselho Nacional de Desenvolvimento Cient\u00edfico e Tecnol\u00f3gico. Orientadora: Ma\u00edra Bonaf\u00e9 Sei.<\/li>\n\n\n\n<li><a href=\"http:\/\/lattes.cnpq.br\/4326961991280150\">Andr\u00e9 Alves Brasil<\/a>. Casais de namorados e a busca pela psicoterapia de casal: reflex\u00f5es a partir da cl\u00ednica. 2025. Inicia\u00e7\u00e3o Cient\u00edfica. (Graduando em Psicologia) &#8211; Universidade Estadual de Londrina, Conselho Nacional de Desenvolvimento Cient\u00edfico e Tecnol\u00f3gico. Orientadora: Ma\u00edra Bonaf\u00e9 Sei.<\/li>\n\n\n\n<li><a href=\"http:\/\/lattes.cnpq.br\/2392453536565147\">Danilo Mulari Paiva Antonio<\/a>. O uso de recursos mediadores na cl\u00ednica psicanal\u00edtica de casal e fam\u00edlia: um estudo explorat\u00f3rio. 2024. Inicia\u00e7\u00e3o Cient\u00edfica. (Graduado em Psicologia) &#8211; Universidade Estadual de Londrina, Conselho Nacional de Desenvolvimento Cient\u00edfico e Tecnol\u00f3gico. Orientadora: Ma\u00edra Bonaf\u00e9 Sei.<\/li>\n\n\n\n<li><a href=\"http:\/\/lattes.cnpq.br\/1860042184690371\">Henry Derwood Mills<\/a>. A psicoterapia de casal na Cl\u00ednica Psicol\u00f3gica da UEL: a vis\u00e3o dos pacientes. 2024. Inicia\u00e7\u00e3o Cient\u00edfica. (Graduando em Psicologia) &#8211; Universidade Estadual de Londrina, Conselho Nacional de Desenvolvimento Cient\u00edfico e Tecnol\u00f3gico. Orientadora: Ma\u00edra Bonaf\u00e9 Sei.<\/li>\n\n\n\n<li><a href=\"http:\/\/lattes.cnpq.br\/9819803676789261\">Elo\u00edsa Carlucci Gouveia<\/a>. Psicoterapia de casal on-line na vis\u00e3o de psicoterapeutas em forma\u00e7\u00e3o: um estudo explorat\u00f3rio. 2022. Inicia\u00e7\u00e3o Cient\u00edfica. (Graduando em Psicologia) &#8211; Pr\u00f3-Reitoria de Pesquisa e P\u00f3s-Gradua\u00e7\u00e3o &#8211; UEL, Conselho Nacional de Desenvolvimento Cient\u00edfico e Tecnol\u00f3gico. Orientadora: Ma\u00edra Bonaf\u00e9 Sei.<\/li>\n\n\n\n<li><a href=\"http:\/\/lattes.cnpq.br\/6609073661598626\">Ricardo da Silva Franco<\/a>. O genograma enquanto ferramenta para interven\u00e7\u00e3o na psicoterapia psicanal\u00edtica familiar. 2014. Inicia\u00e7\u00e3o Cient\u00edfica. (Graduando em Psicologia) &#8211; Universidade Estadual de Londrina, Funda\u00e7\u00e3o Arauc\u00e1ria de Apoio ao Desenvolvimento Cient\u00edfico e Tecnol\u00f3gico. Orientadora: Ma\u00edra Bonaf\u00e9 Sei.<\/li>\n<\/ul>\n\n\n\n<p><strong>Pesquisas em andamento<\/strong><\/p>\n\n\n\n<p><strong><em>Mestrado<\/em><\/strong><\/p>\n\n\n\n<ul class=\"wp-block-list\">\n<li><a href=\"http:\/\/lattes.cnpq.br\/1860042184690371\">Henry Derwood Mills<\/a>. Da avalia\u00e7\u00e3o ao tratamento na psicoterapia de casal e fam\u00edlia: a especificidade das fam\u00edlias de pacientes diab\u00e9ticos. In\u00edcio: 2025. Disserta\u00e7\u00e3o (Mestrado em Psicologia) &#8211; Universidade Estadual de Londrina. Orientadora: Ma\u00edra Bonaf\u00e9 Sei.<\/li>\n\n\n\n<li><a href=\"http:\/\/lattes.cnpq.br\/6331685208952765\">Ian Bandeira de Oliveira<\/a>. Transtornos psic\u00f3ticos e psicoterapia familiar: casos cl\u00ednicos. In\u00edcio: 2024. Disserta\u00e7\u00e3o (Mestrado em Psicologia) &#8211; Universidade Estadual de Londrina. Orientadora: Ma\u00edra Bonaf\u00e9 Sei.<\/li>\n\n\n\n<li><a href=\"http:\/\/lattes.cnpq.br\/0109154180598267\">Manuela Almeida Kaster<\/a>. A configura\u00e7\u00e3o da rela\u00e7\u00e3o conjugal frente \u00e0 perda gestacional: estudo de casos cl\u00ednicos. In\u00edcio: 2024. Disserta\u00e7\u00e3o (Mestrado em Psicologia) &#8211; Universidade Estadual de Londrina. Orientadora: Ma\u00edra Bonaf\u00e9 Sei.<\/li>\n<\/ul>\n\n\n\n<p><strong><em>Inicia\u00e7\u00e3o Cient\u00edfica<\/em><\/strong><\/p>\n\n\n\n<ul class=\"wp-block-list\">\n<li><a href=\"http:\/\/lattes.cnpq.br\/2905574051984102\">Mariana Guimar\u00e3es Ulian<\/a>. O luto na inf\u00e2ncia: uma leitura psicanal\u00edtica a partir de atendimentos cl\u00ednicos familiares. In\u00edcio: 2025. Inicia\u00e7\u00e3o cient\u00edfica (Graduando em Psicologia) &#8211; Universidade Estadual de Londrina, Funda\u00e7\u00e3o Arauc\u00e1ria de Apoio ao Desenvolvimento Cient\u00edfico e Tecnol\u00f3gico. Orientadora: Ma\u00edra Bonaf\u00e9 Sei.<\/li>\n<\/ul>\n\n\n\n<p><\/p>\n","protected":false},"excerpt":{"rendered":"<p>Pesquisas conclu\u00eddas Doutorado Mestrado Inicia\u00e7\u00e3o Cient\u00edfica Pesquisas em andamento Mestrado Inicia\u00e7\u00e3o Cient\u00edfica<\/p>\n","protected":false},"author":8,"featured_media":0,"parent":0,"menu_order":0,"comment_status":"closed","ping_status":"closed","template":"","meta":{"_acf_changed":false,"footnotes":""},"class_list":["post-74","page","type-page","status-publish","hentry"],"acf":[],"_links":{"self":[{"href":"https:\/\/projetos.uel.br\/casalefamilia\/wp-json\/wp\/v2\/pages\/74","targetHints":{"allow":["GET"]}}],"collection":[{"href":"https:\/\/projetos.uel.br\/casalefamilia\/wp-json\/wp\/v2\/pages"}],"about":[{"href":"https:\/\/projetos.uel.br\/casalefamilia\/wp-json\/wp\/v2\/types\/page"}],"author":[{"embeddable":true,"href":"https:\/\/projetos.uel.br\/casalefamilia\/wp-json\/wp\/v2\/users\/8"}],"replies":[{"embeddable":true,"href":"https:\/\/projetos.uel.br\/casalefamilia\/wp-json\/wp\/v2\/comments?post=74"}],"version-history":[{"count":9,"href":"https:\/\/projetos.uel.br\/casalefamilia\/wp-json\/wp\/v2\/pages\/74\/revisions"}],"predecessor-version":[{"id":135,"href":"https:\/\/projetos.uel.br\/casalefamilia\/wp-json\/wp\/v2\/pages\/74\/revisions\/135"}],"wp:attachment":[{"href":"https:\/\/projetos.uel.br\/casalefamilia\/wp-json\/wp\/v2\/media?parent=74"}],"curies":[{"name":"wp","href":"https:\/\/api.w.org\/{rel}","templated":true}]}}