{"id":13,"date":"2024-11-07T14:19:12","date_gmt":"2024-11-07T17:19:12","guid":{"rendered":"https:\/\/projetos.uel.br\/casalefamilia\/?page_id=13"},"modified":"2026-01-28T16:04:50","modified_gmt":"2026-01-28T19:04:50","slug":"eventos","status":"publish","type":"page","link":"https:\/\/projetos.uel.br\/casalefamilia\/eventos\/","title":{"rendered":"Eventos"},"content":{"rendered":"\n<p>Cursos de Extens\u00e3o<\/p>\n\n\n\n<ul class=\"wp-block-list\">\n<li>2026 &#8211; <a href=\"https:\/\/www.sistemasweb.uel.br\/index.php?contents=system\/insc\/index.php&amp;pagina=view\/inscricoes\/seleciona_evento.php&amp;cod_evento=11571\">Psican\u00e1lise de Casal e Fam\u00edlia: introdu\u00e7\u00f5es te\u00f3rico-t\u00e9cnicas<\/a><\/li>\n\n\n\n<li>2025 &#8211; Cl\u00ednica psicanal\u00edtica de casal e fam\u00edlia: introdu\u00e7\u00e3o \u00e0 pr\u00e1tica<\/li>\n\n\n\n<li>2025 &#8211; Introdu\u00e7\u00e3o \u00e0 Arteterapia: aspectos te\u00f3ricos e pr\u00e1ticos<\/li>\n\n\n\n<li>2024 &#8211; A constitui\u00e7\u00e3o do sintoma familiar: uma introdu\u00e7\u00e3o<\/li>\n\n\n\n<li>2024 &#8211; Cl\u00ednica psicanal\u00edtica de casal e fam\u00edlia: considera\u00e7\u00f5es introdut\u00f3rias<\/li>\n\n\n\n<li>2023 &#8211; Introdu\u00e7\u00e3o \u00e0 cl\u00ednica psicanal\u00edtica de casal e fam\u00edlia<\/li>\n\n\n\n<li>2016 &#8211; Introdu\u00e7\u00e3o \u00e0 psicoterapia psicanal\u00edtica de casal e fam\u00edlia<\/li>\n<\/ul>\n\n\n\n<p>Ciclo de Debates<\/p>\n\n\n\n<ul class=\"wp-block-list\">\n<li>2023 &#8211; Cl\u00ednica e pesquisa com fam\u00edlia: di\u00e1logos sobre quest\u00f5es raciais<\/li>\n<\/ul>\n","protected":false},"excerpt":{"rendered":"<p>Cursos de Extens\u00e3o Ciclo de Debates<\/p>\n","protected":false},"author":8,"featured_media":0,"parent":0,"menu_order":0,"comment_status":"closed","ping_status":"closed","template":"","meta":{"_acf_changed":false,"footnotes":""},"class_list":["post-13","page","type-page","status-publish","hentry"],"acf":[],"_links":{"self":[{"href":"https:\/\/projetos.uel.br\/casalefamilia\/wp-json\/wp\/v2\/pages\/13","targetHints":{"allow":["GET"]}}],"collection":[{"href":"https:\/\/projetos.uel.br\/casalefamilia\/wp-json\/wp\/v2\/pages"}],"about":[{"href":"https:\/\/projetos.uel.br\/casalefamilia\/wp-json\/wp\/v2\/types\/page"}],"author":[{"embeddable":true,"href":"https:\/\/projetos.uel.br\/casalefamilia\/wp-json\/wp\/v2\/users\/8"}],"replies":[{"embeddable":true,"href":"https:\/\/projetos.uel.br\/casalefamilia\/wp-json\/wp\/v2\/comments?post=13"}],"version-history":[{"count":7,"href":"https:\/\/projetos.uel.br\/casalefamilia\/wp-json\/wp\/v2\/pages\/13\/revisions"}],"predecessor-version":[{"id":131,"href":"https:\/\/projetos.uel.br\/casalefamilia\/wp-json\/wp\/v2\/pages\/13\/revisions\/131"}],"wp:attachment":[{"href":"https:\/\/projetos.uel.br\/casalefamilia\/wp-json\/wp\/v2\/media?parent=13"}],"curies":[{"name":"wp","href":"https:\/\/api.w.org\/{rel}","templated":true}]}}