{"id":39,"date":"2024-09-27T18:33:54","date_gmt":"2024-09-27T21:33:54","guid":{"rendered":"https:\/\/projetos.uel.br\/bibliotecacomum\/?page_id=39"},"modified":"2024-11-08T18:27:36","modified_gmt":"2024-11-08T21:27:36","slug":"projeto-biblioteca-comum","status":"publish","type":"page","link":"https:\/\/projetos.uel.br\/bibliotecacomum\/","title":{"rendered":"Projeto Biblioteca Comum"},"content":{"rendered":"\n<p>A forma\u00e7\u00e3o de uma nova gera\u00e7\u00e3o de leitores deveria ser a prioridade absoluta no Brasil. A biblioteca escolar, como sabemos, tem um papel decisivo nessa miss\u00e3o, mas, infelizmente, a maioria das escolas p\u00fablicas conjuga uma biblioteca deficit\u00e1ria a uma p\u00e9ssima conectividade, alijando professores e alunos de material de qualidade para sua educa\u00e7\u00e3o continuada.<\/p>\n\n\n\n<p>A Biblioteca Comum (BC) \u00e9 um projeto de extens\u00e3o, realizado na Universidade Estadual de Londrina (UEL), que tem como objetivo incrementar o acervo digital das bibliotecas escolares, promovendo um modelo h\u00edbrido em busca da universaliza\u00e7\u00e3o de seu acesso e qualidade, em conson\u00e2ncia com os esfor\u00e7os promulgados pela lei N\u00ba 12.244 de 24 de maio de 2010 e a lei Castilho, n.\u00ba 13.696, de 12 de julho de 2018, que prop\u00f5e um marco legal para a promo\u00e7\u00e3o do livro, da leitura e da biblioteca no Brasil.<\/p>\n\n\n\n<p>Para isso, buscamos Recursos Educacionais Abertos (obras em dom\u00ednio p\u00fablico ou sob a licen\u00e7a Creative Commons) e as integramos a um Reposit\u00f3rio Institucional Port\u00e1til: um pen drive de baixo custo com um sistema embutido capaz de recuperar tematicamente as obras. O resultado, sempre em atualiza\u00e7\u00e3o, conta atualmente com mais de 4.100 livros cl\u00e1ssicos e cient\u00edficos, 500 v\u00eddeos did\u00e1ticos, 700 \u00e1udios e 15.000 ilustra\u00e7\u00f5es, selecionados para que caibam em um dispositivo popular de 32 GB, orientados ao aprendizado cont\u00ednuo&nbsp; dos professores de Humanidades e Ci\u00eancias Humanas e no aux\u00edlio na prepara\u00e7\u00e3o de suas aulas.<\/p>\n\n\n\n<p>As obras ficam no computador local, assim n\u00e3o \u00e9 preciso ter acesso \u00e0 internet para usar a biblioteca, que pode ser acessada inclusive pelos celulares e tablets dos alunos, em sua rede interna sem fio, evitando o controle centralizado das plataformas dominantes, ou de governos autorit\u00e1rios.&nbsp;<\/p>\n\n\n\n<p><\/p>\n\n\n\n<p><strong>BC-TEXTO<\/strong><\/p>\n\n\n\n<p>Dos textos baixados durante a fase de coleta, selecionamos alguns para compor um acervo inicial: 4.173 livros cl\u00e1ssicos e cient\u00edficos, em 18 GB. Estes livros foram indexados e podem ser encontrados tematicamente, a partir de nosso mecanismo de busca embutido no pen drive. Segue a vers\u00e3o 2.2.7 do nosso <a href=\"https:\/\/bit.ly\/4dJ2I65\">buscador<\/a>. Baixe <a href=\"https:\/\/drive.google.com\/file\/d\/1iz1xxyHuFPybJV4v30So9deVuJkawD-3\/view?usp=sharing\">aqui<\/a>.<\/p>\n\n\n\n<p><strong>BC-VIDMIN<\/strong><\/p>\n\n\n\n<p>O buscador de v\u00eddeos da biblioteca comum (bc-vidmin) re\u00fane mais de 500 v\u00eddeos educacionais abertos, ocupando um espa\u00e7o de menos de 8 GB, podendo ser copiados em pen drives de baixo custo, recuperados e acessados, diretamente, sem a necessidade de nenhuma instala\u00e7\u00e3o. Veja uma <a href=\"https:\/\/bit.ly\/3TNrpXy\">demonstra\u00e7\u00e3o<\/a>. Baixe <a href=\"https:\/\/drive.google.com\/file\/d\/1Szhwdz8cJHEdxHX1ZteaTNmeLcKxeqvf\/view?usp=sharing\">aqui<\/a>.<\/p>\n\n\n\n<p><strong>BC-\u00c1UDIO<\/strong><\/p>\n\n\n\n<p>O buscador de \u00e1udios da biblioteca comum \u00e9 uma compila\u00e7\u00e3o de 700 arquivos de \u00e1udio categorizados, que cabem em um pendrive de 8 GB. Veja <a href=\"http:\/\/precog.com.br\/bc-audio\">aqui<\/a>. Baixe <a href=\"https:\/\/drive.google.com\/file\/d\/14Ui4lwRHZQucM6U4gx2-1bR2QJu68z1t\/view?usp=sharing\">aqui<\/a>.<\/p>\n\n\n\n<p><strong>BC-ARTE<\/strong><\/p>\n\n\n\n<p>BC-Arte \u00e9 um buscador projetado para facilitar pesquisas \u00e1geis via imagens de obras de arte de variados estilos, \u00e9pocas e autores. Este recurso foi cuidadosamente compilado para auxiliar professores na cria\u00e7\u00e3o de aulas de hist\u00f3ria da arte, enriquecendo o conte\u00fado oferecido aos estudantes do ensino fundamental e m\u00e9dio.\u00a0<\/p>\n\n\n\n<p><a href=\"http:\/\/precog.com.br\/bc-arte\/\" target=\"_blank\" rel=\"noreferrer noopener\">http:\/\/precog.com.br\/bc-arte\/<\/a><\/p>\n\n\n\n<p>Baixe em:\u00a0<a href=\"https:\/\/precog.com.br\/bc\/bc-arte.zip\">https:\/\/precog.com.br\/bc\/bc-arte.zip<\/a><\/p>\n\n\n\n<p><\/p>\n\n\n\n<p><a href=\"https:\/\/sites.google.com\/view\/benjaminlfranklin\/projetos\/biblioteca-comum\">Mais &#8230;<\/a><\/p>\n\n\n\n<p><\/p>\n","protected":false},"excerpt":{"rendered":"<p>A forma\u00e7\u00e3o de uma nova gera\u00e7\u00e3o de leitores deveria ser a prioridade absoluta no Brasil. A biblioteca escolar, como sabemos, tem um papel decisivo nessa miss\u00e3o, mas, infelizmente, a maioria das escolas p\u00fablicas conjuga uma biblioteca deficit\u00e1ria a uma p\u00e9ssima conectividade, alijando professores e alunos de material de qualidade para sua educa\u00e7\u00e3o continuada. A Biblioteca [&hellip;]<\/p>\n","protected":false},"author":8,"featured_media":0,"parent":0,"menu_order":0,"comment_status":"closed","ping_status":"closed","template":"","meta":{"_acf_changed":false,"footnotes":""},"class_list":["post-39","page","type-page","status-publish","hentry"],"acf":[],"_links":{"self":[{"href":"https:\/\/projetos.uel.br\/bibliotecacomum\/wp-json\/wp\/v2\/pages\/39","targetHints":{"allow":["GET"]}}],"collection":[{"href":"https:\/\/projetos.uel.br\/bibliotecacomum\/wp-json\/wp\/v2\/pages"}],"about":[{"href":"https:\/\/projetos.uel.br\/bibliotecacomum\/wp-json\/wp\/v2\/types\/page"}],"author":[{"embeddable":true,"href":"https:\/\/projetos.uel.br\/bibliotecacomum\/wp-json\/wp\/v2\/users\/8"}],"replies":[{"embeddable":true,"href":"https:\/\/projetos.uel.br\/bibliotecacomum\/wp-json\/wp\/v2\/comments?post=39"}],"version-history":[{"count":14,"href":"https:\/\/projetos.uel.br\/bibliotecacomum\/wp-json\/wp\/v2\/pages\/39\/revisions"}],"predecessor-version":[{"id":77,"href":"https:\/\/projetos.uel.br\/bibliotecacomum\/wp-json\/wp\/v2\/pages\/39\/revisions\/77"}],"wp:attachment":[{"href":"https:\/\/projetos.uel.br\/bibliotecacomum\/wp-json\/wp\/v2\/media?parent=39"}],"curies":[{"name":"wp","href":"https:\/\/api.w.org\/{rel}","templated":true}]}}